{"id":5053,"date":"2026-04-14T09:59:31","date_gmt":"2026-04-14T09:59:31","guid":{"rendered":"https:\/\/depileve.com\/product\/filmepil-kit\/"},"modified":"2026-04-14T10:07:55","modified_gmt":"2026-04-14T10:07:55","slug":"filmepil-kit","status":"publish","type":"product","link":"https:\/\/depileve.com\/es\/productos\/filmepil-kit\/","title":{"rendered":"Filmepil Kit"},"content":{"rendered":"","protected":false},"excerpt":{"rendered":"<h6>Kit profesional de depilaci\u00f3n con cera film sin bandas que incluye: 2 cartuchos de 40 g de cera film \u00edntima, 2 cabezales aplicadores anchos, 2 cabezales aplicadores de precisi\u00f3n y funda protectora t\u00e9rmica de neopreno para mayor seguridad y confort.  <\/h6>\n<hr>\n<h6>Cartucos: 2 \u00d7 40 g Cera Film \u00cdntima <\/h6>\n<hr>\n","protected":false},"featured_media":5052,"template":"","meta":{"_acf_changed":false},"product_brand":[],"product_cat":[43,168,251],"product_tag":[],"class_list":{"0":"post-5053","1":"product","2":"type-product","3":"status-publish","4":"has-post-thumbnail","6":"product_cat-cera-film","7":"product_cat-ceras-es","8":"product_cat-kits-de-depilacion-es","10":"first","11":"instock","12":"taxable","13":"shipping-taxable","14":"product-type-simple"},"acf":[],"_links":{"self":[{"href":"https:\/\/depileve.com\/es\/wp-json\/wp\/v2\/product\/5053","targetHints":{"allow":["GET"]}}],"collection":[{"href":"https:\/\/depileve.com\/es\/wp-json\/wp\/v2\/product"}],"about":[{"href":"https:\/\/depileve.com\/es\/wp-json\/wp\/v2\/types\/product"}],"wp:featuredmedia":[{"embeddable":true,"href":"https:\/\/depileve.com\/es\/wp-json\/wp\/v2\/media\/5052"}],"wp:attachment":[{"href":"https:\/\/depileve.com\/es\/wp-json\/wp\/v2\/media?parent=5053"}],"wp:term":[{"taxonomy":"product_brand","embeddable":true,"href":"https:\/\/depileve.com\/es\/wp-json\/wp\/v2\/product_brand?post=5053"},{"taxonomy":"product_cat","embeddable":true,"href":"https:\/\/depileve.com\/es\/wp-json\/wp\/v2\/product_cat?post=5053"},{"taxonomy":"product_tag","embeddable":true,"href":"https:\/\/depileve.com\/es\/wp-json\/wp\/v2\/product_tag?post=5053"}],"curies":[{"name":"wp","href":"https:\/\/api.w.org\/{rel}","templated":true}]}}