{"id":4906,"date":"2026-02-26T14:21:58","date_gmt":"2026-02-26T14:21:58","guid":{"rendered":"https:\/\/depileve.com\/?post_type=product&#038;p=4906"},"modified":"2026-02-26T14:21:58","modified_gmt":"2026-02-26T14:21:58","slug":"no-xenses-125ml","status":"publish","type":"product","link":"https:\/\/depileve.com\/es\/productos\/no-xenses-125ml\/","title":{"rendered":"NO-XENSES 125ML"},"content":{"rendered":"","protected":false},"excerpt":{"rendered":"<h6>Aplicar una fina capa de esta avanzada loci\u00f3n desensibilizante sobre la zona a tratar aproximadamente 5 minutos antes de la depilaci\u00f3n con cera film. A medida que se seca, la f\u00f3rmula se transforma en un delicado y sedoso velo de polvo sobre la superficie de la piel. <\/p>\n<p>Este paso previo a la depilaci\u00f3n optimiza el agarre y la adherencia de la cera, al tiempo que ayuda a reducir la sensibilidad cut\u00e1nea, confiriendo una mayor precisi\u00f3n en la extracci\u00f3n y un confort superior durante todo el servicio.<\/h6>\n<hr>\n<h6>Bote: 150 ml<\/h6>\n<hr>\n<p>&nbsp;<\/p>\n","protected":false},"featured_media":4900,"template":"","meta":{"_acf_changed":false},"product_brand":[],"product_cat":[346,55],"product_tag":[],"class_list":{"0":"post-4906","1":"product","2":"type-product","3":"status-publish","4":"has-post-thumbnail","6":"product_cat-no-xenses","7":"product_cat-waxceutical-es","9":"first","10":"instock","11":"taxable","12":"shipping-taxable","13":"product-type-simple"},"acf":[],"_links":{"self":[{"href":"https:\/\/depileve.com\/es\/wp-json\/wp\/v2\/product\/4906","targetHints":{"allow":["GET"]}}],"collection":[{"href":"https:\/\/depileve.com\/es\/wp-json\/wp\/v2\/product"}],"about":[{"href":"https:\/\/depileve.com\/es\/wp-json\/wp\/v2\/types\/product"}],"wp:featuredmedia":[{"embeddable":true,"href":"https:\/\/depileve.com\/es\/wp-json\/wp\/v2\/media\/4900"}],"wp:attachment":[{"href":"https:\/\/depileve.com\/es\/wp-json\/wp\/v2\/media?parent=4906"}],"wp:term":[{"taxonomy":"product_brand","embeddable":true,"href":"https:\/\/depileve.com\/es\/wp-json\/wp\/v2\/product_brand?post=4906"},{"taxonomy":"product_cat","embeddable":true,"href":"https:\/\/depileve.com\/es\/wp-json\/wp\/v2\/product_cat?post=4906"},{"taxonomy":"product_tag","embeddable":true,"href":"https:\/\/depileve.com\/es\/wp-json\/wp\/v2\/product_tag?post=4906"}],"curies":[{"name":"wp","href":"https:\/\/api.w.org\/{rel}","templated":true}]}}