{"id":4378,"date":"2024-05-31T08:36:56","date_gmt":"2024-06-11T08:49:11","guid":{"rendered":"https:\/\/depileve.com\/product\/foliclear\/"},"modified":"2025-04-09T12:19:44","modified_gmt":"2025-04-09T12:19:44","slug":"foliclear","status":"publish","type":"product","link":"https:\/\/depileve.com\/es\/productos\/foliclear\/","title":{"rendered":"Foliclear"},"content":{"rendered":"","protected":false},"excerpt":{"rendered":"<p>Este s\u00e9rum 4 en 1 se puede utilizar en todo el rostro y el cuerpo para erradicar los \u00faltimos restos de filmwax, calmar las rojeces, combatir las espinillas y combatir los vellos encarnados tras la depilaci\u00f3n. La fragancia fresca a base de hierbas tambi\u00e9n huele muy bien y no chocar\u00e1 con su loci\u00f3n para despu\u00e9s del afeitado.<\/p>\n","protected":false},"featured_media":4361,"template":"","meta":{"_acf_changed":false},"product_brand":[],"product_cat":[330],"product_tag":[],"class_list":{"0":"post-4378","1":"product","2":"type-product","3":"status-publish","4":"has-post-thumbnail","6":"product_cat-barbepil-es","8":"first","9":"instock","10":"taxable","11":"shipping-taxable","12":"product-type-simple"},"acf":[],"_links":{"self":[{"href":"https:\/\/depileve.com\/es\/wp-json\/wp\/v2\/product\/4378","targetHints":{"allow":["GET"]}}],"collection":[{"href":"https:\/\/depileve.com\/es\/wp-json\/wp\/v2\/product"}],"about":[{"href":"https:\/\/depileve.com\/es\/wp-json\/wp\/v2\/types\/product"}],"wp:featuredmedia":[{"embeddable":true,"href":"https:\/\/depileve.com\/es\/wp-json\/wp\/v2\/media\/4361"}],"wp:attachment":[{"href":"https:\/\/depileve.com\/es\/wp-json\/wp\/v2\/media?parent=4378"}],"wp:term":[{"taxonomy":"product_brand","embeddable":true,"href":"https:\/\/depileve.com\/es\/wp-json\/wp\/v2\/product_brand?post=4378"},{"taxonomy":"product_cat","embeddable":true,"href":"https:\/\/depileve.com\/es\/wp-json\/wp\/v2\/product_cat?post=4378"},{"taxonomy":"product_tag","embeddable":true,"href":"https:\/\/depileve.com\/es\/wp-json\/wp\/v2\/product_tag?post=4378"}],"curies":[{"name":"wp","href":"https:\/\/api.w.org\/{rel}","templated":true}]}}