{"id":4357,"date":"2024-05-31T09:00:11","date_gmt":"2024-05-31T09:12:18","guid":{"rendered":"https:\/\/depileve.com\/product\/folisan-hombre\/"},"modified":"2024-06-11T08:43:12","modified_gmt":"2024-06-11T08:43:12","slug":"folisan-hombre","status":"publish","type":"product","link":"https:\/\/depileve.com\/es\/productos\/folisan-hombre\/","title":{"rendered":"Folisan Hombre"},"content":{"rendered":"","protected":false},"excerpt":{"rendered":"<p>Formulado con \u00e1cido salic\u00edlico, Folisan Hombre es su arma secreta en la lucha contra los vellos encarnados y las protuberancias. Utilizado en casa despu\u00e9s de la depilaci\u00f3n y el afeitado, su dosificador en roll-on permite una aplicaci\u00f3n espec\u00edfica, sin complicaciones y con resultados r\u00e1pidos.<\/p>\n","protected":false},"featured_media":4354,"template":"","meta":{"_acf_changed":false},"product_brand":[],"product_cat":[330],"product_tag":[],"class_list":{"0":"post-4357","1":"product","2":"type-product","3":"status-publish","4":"has-post-thumbnail","6":"product_cat-barbepil-es","8":"first","9":"instock","10":"taxable","11":"shipping-taxable","12":"product-type-simple"},"acf":[],"_links":{"self":[{"href":"https:\/\/depileve.com\/es\/wp-json\/wp\/v2\/product\/4357","targetHints":{"allow":["GET"]}}],"collection":[{"href":"https:\/\/depileve.com\/es\/wp-json\/wp\/v2\/product"}],"about":[{"href":"https:\/\/depileve.com\/es\/wp-json\/wp\/v2\/types\/product"}],"wp:featuredmedia":[{"embeddable":true,"href":"https:\/\/depileve.com\/es\/wp-json\/wp\/v2\/media\/4354"}],"wp:attachment":[{"href":"https:\/\/depileve.com\/es\/wp-json\/wp\/v2\/media?parent=4357"}],"wp:term":[{"taxonomy":"product_brand","embeddable":true,"href":"https:\/\/depileve.com\/es\/wp-json\/wp\/v2\/product_brand?post=4357"},{"taxonomy":"product_cat","embeddable":true,"href":"https:\/\/depileve.com\/es\/wp-json\/wp\/v2\/product_cat?post=4357"},{"taxonomy":"product_tag","embeddable":true,"href":"https:\/\/depileve.com\/es\/wp-json\/wp\/v2\/product_tag?post=4357"}],"curies":[{"name":"wp","href":"https:\/\/api.w.org\/{rel}","templated":true}]}}