{"id":4338,"date":"2024-05-29T10:01:27","date_gmt":"2024-05-30T13:23:27","guid":{"rendered":"https:\/\/depileve.com\/product\/barbepil-cera-film\/"},"modified":"2024-06-11T08:35:29","modified_gmt":"2024-06-11T08:35:29","slug":"barbepil-cera-film","status":"publish","type":"product","link":"https:\/\/depileve.com\/es\/productos\/barbepil-cera-film\/","title":{"rendered":"Barbepil cera Film"},"content":{"rendered":"","protected":false},"excerpt":{"rendered":"<p>Cera film de origen biovegetal en una lata resistente que se encaja directamente en su calentador Depil\u00e8ve. Dise\u00f1ada para el vello facial m\u00e1s fuerte y grueso de los hombres. El aroma \u00e1mbar atrae a los clientes masculinos y el color negro metalizado queda genial en tus redes sociales.<\/p>\n","protected":false},"featured_media":4329,"template":"","meta":{"_acf_changed":false},"product_brand":[],"product_cat":[330],"product_tag":[],"class_list":{"0":"post-4338","1":"product","2":"type-product","3":"status-publish","4":"has-post-thumbnail","6":"product_cat-barbepil-es","8":"first","9":"instock","10":"taxable","11":"shipping-taxable","12":"product-type-simple"},"acf":[],"_links":{"self":[{"href":"https:\/\/depileve.com\/es\/wp-json\/wp\/v2\/product\/4338","targetHints":{"allow":["GET"]}}],"collection":[{"href":"https:\/\/depileve.com\/es\/wp-json\/wp\/v2\/product"}],"about":[{"href":"https:\/\/depileve.com\/es\/wp-json\/wp\/v2\/types\/product"}],"wp:featuredmedia":[{"embeddable":true,"href":"https:\/\/depileve.com\/es\/wp-json\/wp\/v2\/media\/4329"}],"wp:attachment":[{"href":"https:\/\/depileve.com\/es\/wp-json\/wp\/v2\/media?parent=4338"}],"wp:term":[{"taxonomy":"product_brand","embeddable":true,"href":"https:\/\/depileve.com\/es\/wp-json\/wp\/v2\/product_brand?post=4338"},{"taxonomy":"product_cat","embeddable":true,"href":"https:\/\/depileve.com\/es\/wp-json\/wp\/v2\/product_cat?post=4338"},{"taxonomy":"product_tag","embeddable":true,"href":"https:\/\/depileve.com\/es\/wp-json\/wp\/v2\/product_tag?post=4338"}],"curies":[{"name":"wp","href":"https:\/\/api.w.org\/{rel}","templated":true}]}}