{"id":4337,"date":"2024-05-29T11:05:55","date_gmt":"2024-05-30T11:58:51","guid":{"rendered":"https:\/\/depileve.com\/product\/barbepil-cera-film-en-perlas\/"},"modified":"2024-06-11T08:44:26","modified_gmt":"2024-06-11T08:44:26","slug":"barbepil-cera-film-en-perlas","status":"publish","type":"product","link":"https:\/\/depileve.com\/es\/productos\/barbepil-cera-film-en-perlas\/","title":{"rendered":"Barbepil cera Film en perlas"},"content":{"rendered":"","protected":false},"excerpt":{"rendered":"<p>Cera film de origen biovegetal con polvo de carb\u00f3n purificante, en formato de perlas para rellenar f\u00e1cilmente. La misma f\u00f3rmula de secado r\u00e1pido que nuestras latas y sin necesidad de bandas de papel, lo que reduce el tiempo y los residuos.<\/p>\n","protected":false},"featured_media":4333,"template":"","meta":{"_acf_changed":false},"product_brand":[],"product_cat":[330],"product_tag":[],"class_list":{"0":"post-4337","1":"product","2":"type-product","3":"status-publish","4":"has-post-thumbnail","6":"product_cat-barbepil-es","8":"first","9":"instock","10":"taxable","11":"shipping-taxable","12":"product-type-simple"},"acf":[],"_links":{"self":[{"href":"https:\/\/depileve.com\/es\/wp-json\/wp\/v2\/product\/4337","targetHints":{"allow":["GET"]}}],"collection":[{"href":"https:\/\/depileve.com\/es\/wp-json\/wp\/v2\/product"}],"about":[{"href":"https:\/\/depileve.com\/es\/wp-json\/wp\/v2\/types\/product"}],"wp:featuredmedia":[{"embeddable":true,"href":"https:\/\/depileve.com\/es\/wp-json\/wp\/v2\/media\/4333"}],"wp:attachment":[{"href":"https:\/\/depileve.com\/es\/wp-json\/wp\/v2\/media?parent=4337"}],"wp:term":[{"taxonomy":"product_brand","embeddable":true,"href":"https:\/\/depileve.com\/es\/wp-json\/wp\/v2\/product_brand?post=4337"},{"taxonomy":"product_cat","embeddable":true,"href":"https:\/\/depileve.com\/es\/wp-json\/wp\/v2\/product_cat?post=4337"},{"taxonomy":"product_tag","embeddable":true,"href":"https:\/\/depileve.com\/es\/wp-json\/wp\/v2\/product_tag?post=4337"}],"curies":[{"name":"wp","href":"https:\/\/api.w.org\/{rel}","templated":true}]}}