{"id":4048,"date":"2024-04-19T08:00:54","date_gmt":"2024-04-19T08:05:03","guid":{"rendered":"https:\/\/depileve.com\/product\/wax-warmers-cans-beads-deluxe-wax-warmer\/"},"modified":"2025-04-10T12:14:16","modified_gmt":"2025-04-10T12:14:16","slug":"white-deluxe-wax-warmer","status":"publish","type":"product","link":"https:\/\/depileve.com\/es\/productos\/white-deluxe-wax-warmer\/","title":{"rendered":"White deluxe wax warmer"},"content":{"rendered":"","protected":false},"excerpt":{"rendered":"<h6>Elegante, robusto y pr\u00e1ctico. Un elemento calefactor de 360\u00b0 y un termostato manual garantizan un control preciso de la temperatura. La c\u00e1mara interna se adapta perfectamente a las latas de cera Depil\u00e8ve y tambi\u00e9n hay disponibles cazoletas adicionales para usar con la cera que t\u00fa quieras (se venden por separado). Disponible en tama\u00f1os de 400 g y 800 g en 110 V y 220 V.<\/h6>\n","protected":false},"featured_media":4047,"template":"","meta":{"_acf_changed":false},"product_brand":[],"product_cat":[253,344],"product_tag":[],"class_list":{"0":"post-4048","1":"product","2":"type-product","3":"status-publish","4":"has-post-thumbnail","6":"product_cat-calentadores-de-cera-es","7":"product_cat-calentadores-lata","9":"first","10":"instock","11":"taxable","12":"shipping-taxable","13":"product-type-simple"},"acf":[],"_links":{"self":[{"href":"https:\/\/depileve.com\/es\/wp-json\/wp\/v2\/product\/4048","targetHints":{"allow":["GET"]}}],"collection":[{"href":"https:\/\/depileve.com\/es\/wp-json\/wp\/v2\/product"}],"about":[{"href":"https:\/\/depileve.com\/es\/wp-json\/wp\/v2\/types\/product"}],"wp:featuredmedia":[{"embeddable":true,"href":"https:\/\/depileve.com\/es\/wp-json\/wp\/v2\/media\/4047"}],"wp:attachment":[{"href":"https:\/\/depileve.com\/es\/wp-json\/wp\/v2\/media?parent=4048"}],"wp:term":[{"taxonomy":"product_brand","embeddable":true,"href":"https:\/\/depileve.com\/es\/wp-json\/wp\/v2\/product_brand?post=4048"},{"taxonomy":"product_cat","embeddable":true,"href":"https:\/\/depileve.com\/es\/wp-json\/wp\/v2\/product_cat?post=4048"},{"taxonomy":"product_tag","embeddable":true,"href":"https:\/\/depileve.com\/es\/wp-json\/wp\/v2\/product_tag?post=4048"}],"curies":[{"name":"wp","href":"https:\/\/api.w.org\/{rel}","templated":true}]}}