{"id":3269,"date":"2023-07-14T08:57:02","date_gmt":"2023-10-05T08:59:20","guid":{"rendered":"https:\/\/depileve.com\/product\/antioxidant-lavander-essential-oil-paraffin\/"},"modified":"2025-04-10T11:38:41","modified_gmt":"2025-04-10T11:38:41","slug":"antioxidant-lavander-essential-oil-paraffin","status":"publish","type":"product","link":"https:\/\/depileve.com\/es\/productos\/antioxidant-lavander-essential-oil-paraffin\/","title":{"rendered":"Antioxidant lavander essential oil paraffin"},"content":{"rendered":"","protected":false},"excerpt":{"rendered":"<h6>Esta parafina terap\u00e9utica se basa en las propiedades calmantes y relajantes del aceite esencial puro de lavanda. Cuidadosamente mezclada con aceite de c\u00e1\u00f1amo nutritivo y aceite de semilla de uva antioxidante, es un tratamiento relajante que sus clientes no olvidar\u00e1n. <\/h6>\n<hr>\n<h6>Caja: 2,7 k (6 lbs.)<\/h6>\n<hr>\n<p>&nbsp;<\/p>\n<p>&nbsp;<\/p>\n","protected":false},"featured_media":4397,"template":"","meta":{"_acf_changed":false},"product_brand":[],"product_cat":[47,201],"product_tag":[],"class_list":{"0":"post-3269","1":"product","2":"type-product","3":"status-publish","4":"has-post-thumbnail","6":"product_cat-parafina-linea","7":"product_cat-parafina-es","9":"first","10":"instock","11":"taxable","12":"shipping-taxable","13":"product-type-simple"},"acf":[],"_links":{"self":[{"href":"https:\/\/depileve.com\/es\/wp-json\/wp\/v2\/product\/3269","targetHints":{"allow":["GET"]}}],"collection":[{"href":"https:\/\/depileve.com\/es\/wp-json\/wp\/v2\/product"}],"about":[{"href":"https:\/\/depileve.com\/es\/wp-json\/wp\/v2\/types\/product"}],"wp:featuredmedia":[{"embeddable":true,"href":"https:\/\/depileve.com\/es\/wp-json\/wp\/v2\/media\/4397"}],"wp:attachment":[{"href":"https:\/\/depileve.com\/es\/wp-json\/wp\/v2\/media?parent=3269"}],"wp:term":[{"taxonomy":"product_brand","embeddable":true,"href":"https:\/\/depileve.com\/es\/wp-json\/wp\/v2\/product_brand?post=3269"},{"taxonomy":"product_cat","embeddable":true,"href":"https:\/\/depileve.com\/es\/wp-json\/wp\/v2\/product_cat?post=3269"},{"taxonomy":"product_tag","embeddable":true,"href":"https:\/\/depileve.com\/es\/wp-json\/wp\/v2\/product_tag?post=3269"}],"curies":[{"name":"wp","href":"https:\/\/api.w.org\/{rel}","templated":true}]}}