{"id":3268,"date":"2023-06-20T14:25:42","date_gmt":"2023-10-05T08:56:28","guid":{"rendered":"https:\/\/depileve.com\/product\/intimate-film-wax\/"},"modified":"2024-01-24T08:33:23","modified_gmt":"2024-01-24T08:33:23","slug":"intimate-film-wax","status":"publish","type":"product","link":"https:\/\/depileve.com\/es\/productos\/intimate-film-wax\/","title":{"rendered":"Intimate film wax"},"content":{"rendered":"[vc_row type=\u00bbin_container\u00bb full_screen_row_position=\u00bbmiddle\u00bb column_margin=\u00bbdefault\u00bb column_direction=\u00bbdefault\u00bb column_direction_tablet=\u00bbdefault\u00bb column_direction_phone=\u00bbdefault\u00bb scene_position=\u00bbcenter\u00bb text_color=\u00bbdark\u00bb text_align=\u00bbleft\u00bb row_border_radius=\u00bbnone\u00bb row_border_radius_applies=\u00bbbg\u00bb overflow=\u00bbvisible\u00bb overlay_strength=\u00bb0.3&#8243; gradient_direction=\u00bbleft_to_right\u00bb shape_divider_position=\u00bbbottom\u00bb bg_image_animation=\u00bbnone\u00bb][vc_column column_padding=\u00bbno-extra-padding\u00bb column_padding_tablet=\u00bbinherit\u00bb column_padding_phone=\u00bbinherit\u00bb column_padding_position=\u00bball\u00bb column_element_direction_desktop=\u00bbdefault\u00bb column_element_spacing=\u00bbdefault\u00bb desktop_text_alignment=\u00bbcenter\u00bb tablet_text_alignment=\u00bbdefault\u00bb phone_text_alignment=\u00bbdefault\u00bb background_color_opacity=\u00bb1&#8243; background_hover_color_opacity=\u00bb1&#8243; column_backdrop_filter=\u00bbnone\u00bb column_shadow=\u00bbnone\u00bb column_border_radius=\u00bbnone\u00bb column_link_target=\u00bb_self\u00bb column_position=\u00bbdefault\u00bb gradient_direction=\u00bbleft_to_right\u00bb overlay_strength=\u00bb0.3&#8243; width=\u00bb1\/1&#8243; tablet_width_inherit=\u00bbdefault\u00bb animation_type=\u00bbdefault\u00bb bg_image_animation=\u00bbnone\u00bb border_type=\u00bbsimple\u00bb column_border_width=\u00bbnone\u00bb column_border_style=\u00bbsolid\u00bb column_padding_type=\u00bbdefault\u00bb gradient_type=\u00bbdefault\u00bb][tabbed_section style=\u00bbmaterial\u00bb tab_change_animation=\u00bbfade\u00bb alignment=\u00bbcenter\u00bb spacing=\u00bbside-15px\u00bb tab_color=\u00bbAccent-Color\u00bb vs_content_animation=\u00bbfade\u00bb vs_link_animation=\u00bbopacity\u00bb vs_navigation_alignment=\u00bbleft\u00bb vs_navigation_width_2=\u00bb25%\u00bb vs_navigation_func=\u00bbdefault\u00bb vs_navigation_width=\u00bbregular\u00bb vs_navigation_spacing=\u00bb15px\u00bb vs_navigation_mobile_display=\u00bbvisible\u00bb vs_tab_spacing=\u00bb5%\u00bb icon_size=\u00bb24&#8243;][tab icon_family=\u00bbnone\u00bb title=\u00bbCera Para\u00bb id=\u00bb1706083546789-10&#8243; tab_id=\u00bb1706083546790-4&#8243;][vc_column_text]\n<h6>Cara, zonas \u00edntimas y sensibles. Eficaz tanto con el vello m\u00e1s grueso y rebelde como con el vello fino y corto.<\/h6>\n[\/vc_column_text][\/tab][tab icon_family=\u00bbnone\u00bb title=\u00bbTextura\u00bb id=\u00bb1706083546844-1&#8243; tab_id=\u00bb1706083546845-6&#8243;][vc_column_text]\n<h6>Textura de miel<\/h6>\n[\/vc_column_text][\/tab][tab icon_family=\u00bbnone\u00bb title=\u00bbHecho de\u00bb id=\u00bb1706083546903-9&#8243; tab_id=\u00bb1706083546903-5&#8243;][vc_column_text]\n<h6>Esta cera est\u00e1 formulada con resina biol\u00f3gica, cera de abeja pura, manteca de cacao y aceite de avena.<\/h6>\n[\/vc_column_text][\/tab][tab icon_family=\u00bbnone\u00bb title=\u00bbC\u00f3mo Aplicar\u00bb id=\u00bb1706083546960-10&#8243; tab_id=\u00bb1706083546961-0&#8243;][vc_column_text]\n<h6>Limpie la piel con la loci\u00f3n dermobalance, utilice una esp\u00e1tula para aplicar una fina capa de cera sobre la piel y espere unos segundos a que se seque y ret\u00edrela con firmeza. aplicar folisan en la zona para evitar los pelos encarnados y terminar con crema calmante o vitalderm ph.<\/h6>\n[\/vc_column_text][\/tab][tab icon_family=\u00bbnone\u00bb title=\u00bbAlmacenamiento\u00bb id=\u00bb1706083547040-2&#8243; tab_id=\u00bb1706083547040-9&#8243;][vc_column_text]\n<h6><span style=\"color: #000000;\">Conservar en un lugar fresco y seco. Proteger del calor y de la luz solar directa.<\/span><\/h6>\n[\/vc_column_text][\/tab][tab icon_family=\u00bbnone\u00bb title=\u00bbAdvertencia\u00bb id=\u00bb1706083547123-3&#8243; tab_id=\u00bb1706083547124-7&#8243;][vc_column_text]\n<h6 style=\"text-align: center;\"><span style=\"color: #000000;\">Muy caliente y puede causar quemaduras. Evite respirar los vapores emitidos por la cera caliente.<\/span><\/h6>\n[\/vc_column_text][\/tab][tab icon_family=\u00bbnone\u00bb title=\u00bbIngredientes\u00bb id=\u00bb1706083547158-6&#8243; tab_id=\u00bb1706083547159-1&#8243;][vc_column_text]\n<h6>COLOFONIA (COLOFONIA), ROSINATO DE GLICERILO, PARAFINA, COPOL\u00cdMERO DE ETILENO\/VA, ROSINATO DE TRIETILENGLICOL, PARAFFINUM LIQUIDUM (ACEITE MINERAL), MANTECA DE SEMILLA DE THEOBROMA CACAO (CACAO), ACEITE DE SEMILLA DE HELIANTHUS ANNUUS (GIRASOL), EXTRACTO DE SEMILLA DE AVENA SATIVA (AVENA), CERA ALBA (CERA DE ABEJAS), CERA MICROCRISTALLINA (CERA MICROCRISTALINA), PARFUM (FRAGANCIA), BHT, PALMITATO DE ASCORBILO, CI 77891 (DI\u00d3XIDO DE TITANIO), CI 45410 (LAGO ROJO 27).<\/h6>\n[\/vc_column_text][\/tab][tab icon_family=\u00bbnone\u00bb title=\u00bbInstrucciones de reciclaje\u00bb id=\u00bb1706084825387-4&#8243; tab_id=\u00bb1706084825388-4&#8243;][vc_column_text text_direction=\u00bbdefault\u00bb]\n<table class=\"table-recycle\">\n<tbody>\n<tr>\n<td class=\"title-recycle\" colspan=\"3\">IT<\/td>\n<\/tr>\n<tr>\n<td>CONTENITORE<\/td>\n<td>FE40<\/td>\n<td>CARTA<\/td>\n<\/tr>\n<tr>\n<td>TAPPO<\/td>\n<td>PET1<\/td>\n<td>PLASTICA<\/td>\n<\/tr>\n<tr>\n<td>ALTRIS<\/td>\n<td>ALU41<\/td>\n<td>INDIFERENZIATO<\/td>\n<\/tr>\n<tr>\n<td colspan=\"3\">RACOLTA DIFFERENZIATA verifica le disposizioni del tuo Comune<\/td>\n<\/tr>\n<\/tbody>\n<\/table>\n[\/vc_column_text][\/tab][\/tabbed_section][\/vc_column][\/vc_row]\n","protected":false},"excerpt":{"rendered":"<h6>\u00a1Hurra por Hollywood! Suave como una pluma pero con un agarre de hierro, nuestra exclusiva cera 3G lleva 20 a\u00f1os suavizando las l\u00edneas del bikini en todo el mundo. Enriquecida con cera de abeja, manteca de cacao y aceite de avena, esta f\u00f3rmula de baja temperatura es la elecci\u00f3n perfecta para una depilaci\u00f3n suave del rostro, las axilas, el bikini&#8230; ya se hace una idea.<\/h6>\n<hr>\n<h6>Lata: 400 ml, 800 ml<\/h6>\n<hr>\n<p>&nbsp;<\/p>\n","protected":false},"featured_media":222,"template":"","meta":{"_acf_changed":false},"product_brand":[],"product_cat":[43,168,223],"product_tag":[],"class_list":{"0":"post-3268","1":"product","2":"type-product","3":"status-publish","4":"has-post-thumbnail","6":"product_cat-cera-film","7":"product_cat-ceras-es","8":"product_cat-latas-de-cera-film","10":"first","11":"instock","12":"taxable","13":"shipping-taxable","14":"product-type-variable"},"acf":[],"_links":{"self":[{"href":"https:\/\/depileve.com\/es\/wp-json\/wp\/v2\/product\/3268","targetHints":{"allow":["GET"]}}],"collection":[{"href":"https:\/\/depileve.com\/es\/wp-json\/wp\/v2\/product"}],"about":[{"href":"https:\/\/depileve.com\/es\/wp-json\/wp\/v2\/types\/product"}],"wp:featuredmedia":[{"embeddable":true,"href":"https:\/\/depileve.com\/es\/wp-json\/wp\/v2\/media\/222"}],"wp:attachment":[{"href":"https:\/\/depileve.com\/es\/wp-json\/wp\/v2\/media?parent=3268"}],"wp:term":[{"taxonomy":"product_brand","embeddable":true,"href":"https:\/\/depileve.com\/es\/wp-json\/wp\/v2\/product_brand?post=3268"},{"taxonomy":"product_cat","embeddable":true,"href":"https:\/\/depileve.com\/es\/wp-json\/wp\/v2\/product_cat?post=3268"},{"taxonomy":"product_tag","embeddable":true,"href":"https:\/\/depileve.com\/es\/wp-json\/wp\/v2\/product_tag?post=3268"}],"curies":[{"name":"wp","href":"https:\/\/api.w.org\/{rel}","templated":true}]}}