{"id":3263,"date":"2023-07-04T15:51:36","date_gmt":"2023-10-05T08:47:56","guid":{"rendered":"https:\/\/depileve.com\/product\/premium-cream-beads-film-wax\/"},"modified":"2023-10-24T08:32:43","modified_gmt":"2023-10-24T08:32:43","slug":"premium-cream-beads-film-wax","status":"publish","type":"product","link":"https:\/\/depileve.com\/es\/productos\/premium-cream-beads-film-wax\/","title":{"rendered":"Premium cream beads film wax"},"content":{"rendered":"[vc_row type=\u00bbin_container\u00bb full_screen_row_position=\u00bbmiddle\u00bb column_margin=\u00bbdefault\u00bb column_direction=\u00bbdefault\u00bb column_direction_tablet=\u00bbdefault\u00bb column_direction_phone=\u00bbdefault\u00bb scene_position=\u00bbcenter\u00bb text_color=\u00bbdark\u00bb text_align=\u00bbleft\u00bb row_border_radius=\u00bbnone\u00bb row_border_radius_applies=\u00bbbg\u00bb overflow=\u00bbvisible\u00bb overlay_strength=\u00bb0.3&#8243; gradient_direction=\u00bbleft_to_right\u00bb shape_divider_position=\u00bbbottom\u00bb bg_image_animation=\u00bbnone\u00bb][vc_column column_padding=\u00bbno-extra-padding\u00bb column_padding_tablet=\u00bbinherit\u00bb column_padding_phone=\u00bbinherit\u00bb column_padding_position=\u00bball\u00bb column_element_direction_desktop=\u00bbdefault\u00bb column_element_spacing=\u00bbdefault\u00bb desktop_text_alignment=\u00bbcenter\u00bb tablet_text_alignment=\u00bbdefault\u00bb phone_text_alignment=\u00bbdefault\u00bb background_color_opacity=\u00bb1&#8243; background_hover_color_opacity=\u00bb1&#8243; column_backdrop_filter=\u00bbnone\u00bb column_shadow=\u00bbnone\u00bb column_border_radius=\u00bbnone\u00bb column_link_target=\u00bb_self\u00bb column_position=\u00bbdefault\u00bb gradient_direction=\u00bbleft_to_right\u00bb overlay_strength=\u00bb0.3&#8243; width=\u00bb1\/1&#8243; tablet_width_inherit=\u00bbdefault\u00bb animation_type=\u00bbdefault\u00bb bg_image_animation=\u00bbnone\u00bb border_type=\u00bbsimple\u00bb column_border_width=\u00bbnone\u00bb column_border_style=\u00bbsolid\u00bb column_padding_type=\u00bbdefault\u00bb gradient_type=\u00bbdefault\u00bb][tabbed_section style=\u00bbmaterial\u00bb tab_change_animation=\u00bbfade\u00bb alignment=\u00bbcenter\u00bb spacing=\u00bbside-15px\u00bb tab_color=\u00bbAccent-Color\u00bb vs_content_animation=\u00bbfade\u00bb vs_link_animation=\u00bbopacity\u00bb vs_navigation_alignment=\u00bbleft\u00bb vs_navigation_width_2=\u00bb25%\u00bb vs_navigation_func=\u00bbdefault\u00bb vs_navigation_width=\u00bbregular\u00bb vs_navigation_spacing=\u00bb15px\u00bb vs_navigation_mobile_display=\u00bbvisible\u00bb vs_tab_spacing=\u00bb5%\u00bb icon_size=\u00bb24&#8243;][tab icon_family=\u00bbnone\u00bb title=\u00bbCera Para\u00bb id=\u00bb1689173476105-2&#8243; tab_id=\u00bb1689173476106-8&#8243;][vc_column_text]\n<h6>Es ideal para pieles sensibles y pieles con baja tolerancia al calor. Perfecto para cabellos cortos y rechonchos.<\/h6>\n[\/vc_column_text][\/tab][tab icon_family=\u00bbnone\u00bb title=\u00bbTextura\u00bb id=\u00bb1689173476116-0&#8243; tab_id=\u00bb1689173476116-5&#8243;][vc_column_text]\n<h6 style=\"text-align: center;\"><span style=\"color: #000000;\">Textura cremosa<\/span><\/h6>\n[\/vc_column_text][\/tab][tab icon_family=\u00bbnone\u00bb title=\u00bbHecho de\u00bb id=\u00bb1689173476128-6&#8243; tab_id=\u00bb1689173476128-0&#8243;][vc_column_text]\n<h6>Esta cera est\u00e1 formulada con resina de base biol\u00f3gica, cera de abejas pura y di\u00f3xido de titanio.<\/h6>\n[\/vc_column_text][\/tab][tab icon_family=\u00bbnone\u00bb title=\u00bbC\u00f3mo Aplicar\u00bb id=\u00bb1689173476140-3&#8243; tab_id=\u00bb1689173476140-3&#8243;][vc_column_text]\n<h6>Limpia la piel con loci\u00f3n dermobalance, utiliza una esp\u00e1tula para aplicar una fina capa de cera sobre la piel y espera unos segundos a que se seque y retira con firmeza. aplique folisan en la zona para prevenir vellos encarnados y finalizar con crema calmante o vitalderm ph.<\/h6>\n[\/vc_column_text][\/tab][tab icon_family=\u00bbnone\u00bb title=\u00bbAlmacenamiento\u00bb id=\u00bb1689173476157-7&#8243; tab_id=\u00bb1689173476158-8&#8243;][vc_column_text]\n<h6>Guardar en lugar fresco y seco. Proteger del calor y la luz solar directa.<\/h6>\n[\/vc_column_text][\/tab][tab icon_family=\u00bbnone\u00bb title=\u00bbAdvertencia\u00bb id=\u00bb1689173476171-6&#8243; tab_id=\u00bb1689173476172-5&#8243;][vc_column_text]\n<h6 style=\"text-align: center;\">Advertencia: muy caliente y puede provocar quemaduras. Evite respirar los vapores emitidos por la cera caliente.<\/h6>\n[\/vc_column_text][\/tab][tab icon_family=\u00bbnone\u00bb title=\u00bbIngredientes\u00bb id=\u00bb1689173476182-9&#8243; tab_id=\u00bb1689173476182-0&#8243;][vc_column_text]\n<h6><span style=\"color: #000000;\">GLYCERYL ROSINATE, COLOPHONIUM (ROSIN), CERA ALBA (BEESWAX), ETHYLENE\/VA COPOLYMER, PARAFFIN, TRIETHANOLAMINE, CI 77891 (TITANIUM DIOXIDE), LANOLIN.<\/span><\/h6>\n[\/vc_column_text][\/tab][\/tabbed_section][\/vc_column][\/vc_row]\n","protected":false},"excerpt":{"rendered":"<h6>Sin alardear, nuestra cera premium cl\u00e1sica es una de las favoritas entre los enceradores seguros que disfrutan de la textura cremosa de la cera tradicional, combinada con las ventajas de las ceras en pel\u00edcula modernas. Est\u00e1n entusiasmados con su agarre superior y su r\u00e1pido tiempo de fraguado, lo que lo convierte en una opci\u00f3n ideal para cabello corto y rebelde y salas de tratamiento h\u00famedas. S\u00f3lo digo.<\/h6>\n<hr \/>\n<h6>Perlas : 500 ml<\/h6>\n<hr \/>\n<p>&nbsp;<\/p>\n","protected":false},"featured_media":3970,"template":"","meta":{"_acf_changed":false},"product_brand":[],"product_cat":[43,168,221],"product_tag":[],"class_list":{"0":"post-3263","1":"product","2":"type-product","3":"status-publish","4":"has-post-thumbnail","6":"product_cat-cera-film","7":"product_cat-ceras-es","8":"product_cat-perlas-de-cera-film-es","10":"first","11":"instock","12":"taxable","13":"shipping-taxable","14":"product-type-simple"},"acf":[],"_links":{"self":[{"href":"https:\/\/depileve.com\/es\/wp-json\/wp\/v2\/product\/3263","targetHints":{"allow":["GET"]}}],"collection":[{"href":"https:\/\/depileve.com\/es\/wp-json\/wp\/v2\/product"}],"about":[{"href":"https:\/\/depileve.com\/es\/wp-json\/wp\/v2\/types\/product"}],"wp:featuredmedia":[{"embeddable":true,"href":"https:\/\/depileve.com\/es\/wp-json\/wp\/v2\/media\/3970"}],"wp:attachment":[{"href":"https:\/\/depileve.com\/es\/wp-json\/wp\/v2\/media?parent=3263"}],"wp:term":[{"taxonomy":"product_brand","embeddable":true,"href":"https:\/\/depileve.com\/es\/wp-json\/wp\/v2\/product_brand?post=3263"},{"taxonomy":"product_cat","embeddable":true,"href":"https:\/\/depileve.com\/es\/wp-json\/wp\/v2\/product_cat?post=3263"},{"taxonomy":"product_tag","embeddable":true,"href":"https:\/\/depileve.com\/es\/wp-json\/wp\/v2\/product_tag?post=3263"}],"curies":[{"name":"wp","href":"https:\/\/api.w.org\/{rel}","templated":true}]}}