{"id":3262,"date":"2023-07-04T16:04:04","date_gmt":"2023-10-05T08:45:59","guid":{"rendered":"https:\/\/depileve.com\/product\/gold-black-carbon-bead-film-wax\/"},"modified":"2024-05-13T07:38:40","modified_gmt":"2024-05-13T07:38:40","slug":"gold-black-carbon-bead-film-wax","status":"publish","type":"product","link":"https:\/\/depileve.com\/es\/productos\/gold-black-carbon-bead-film-wax\/","title":{"rendered":"Gold black carbon bead film wax"},"content":{"rendered":"[vc_row type=\u00bbin_container\u00bb full_screen_row_position=\u00bbmiddle\u00bb column_margin=\u00bbdefault\u00bb column_direction=\u00bbdefault\u00bb column_direction_tablet=\u00bbdefault\u00bb column_direction_phone=\u00bbdefault\u00bb scene_position=\u00bbcenter\u00bb text_color=\u00bbdark\u00bb text_align=\u00bbleft\u00bb row_border_radius=\u00bbnone\u00bb row_border_radius_applies=\u00bbbg\u00bb overflow=\u00bbvisible\u00bb overlay_strength=\u00bb0.3&#8243; gradient_direction=\u00bbleft_to_right\u00bb shape_divider_position=\u00bbbottom\u00bb bg_image_animation=\u00bbnone\u00bb][vc_column column_padding=\u00bbno-extra-padding\u00bb column_padding_tablet=\u00bbinherit\u00bb column_padding_phone=\u00bbinherit\u00bb column_padding_position=\u00bball\u00bb column_element_direction_desktop=\u00bbdefault\u00bb column_element_spacing=\u00bbdefault\u00bb desktop_text_alignment=\u00bbcenter\u00bb tablet_text_alignment=\u00bbdefault\u00bb phone_text_alignment=\u00bbdefault\u00bb background_color_opacity=\u00bb1&#8243; background_hover_color_opacity=\u00bb1&#8243; column_backdrop_filter=\u00bbnone\u00bb column_shadow=\u00bbnone\u00bb column_border_radius=\u00bbnone\u00bb column_link_target=\u00bb_self\u00bb column_position=\u00bbdefault\u00bb gradient_direction=\u00bbleft_to_right\u00bb overlay_strength=\u00bb0.3&#8243; width=\u00bb1\/1&#8243; tablet_width_inherit=\u00bbdefault\u00bb animation_type=\u00bbdefault\u00bb bg_image_animation=\u00bbnone\u00bb border_type=\u00bbsimple\u00bb column_border_width=\u00bbnone\u00bb column_border_style=\u00bbsolid\u00bb column_padding_type=\u00bbdefault\u00bb gradient_type=\u00bbdefault\u00bb][tabbed_section style=\u00bbmaterial\u00bb tab_change_animation=\u00bbfade\u00bb alignment=\u00bbcenter\u00bb spacing=\u00bbside-15px\u00bb tab_color=\u00bbAccent-Color\u00bb vs_content_animation=\u00bbfade\u00bb vs_link_animation=\u00bbopacity\u00bb vs_navigation_alignment=\u00bbleft\u00bb vs_navigation_width_2=\u00bb25%\u00bb vs_navigation_func=\u00bbdefault\u00bb vs_navigation_width=\u00bbregular\u00bb vs_navigation_spacing=\u00bb15px\u00bb vs_navigation_mobile_display=\u00bbvisible\u00bb vs_tab_spacing=\u00bb5%\u00bb icon_size=\u00bb24&#8243;][tab icon_family=\u00bbnone\u00bb title=\u00bbCera Para\u00bb id=\u00bb1715584965717-9&#8243; tab_id=\u00bb1715584965717-4&#8243;][vc_column_text]\n<h6>Ideal para la depilaci\u00f3n en hombres. Pecho, espalda y zonas sensibles.<\/h6>\n[\/vc_column_text][\/tab][tab icon_family=\u00bbnone\u00bb title=\u00bbTextura\u00bb id=\u00bb1715584965749-3&#8243; tab_id=\u00bb1715584965749-4&#8243;][vc_column_text]\n<h6><span style=\"color: #000000;\">Textura cremosa<\/span><\/h6>\n[\/vc_column_text][\/tab][tab icon_family=\u00bbnone\u00bb title=\u00bbHecho de\u00bb id=\u00bb1715584965768-9&#8243; tab_id=\u00bb1715584965768-7&#8243;][vc_column_text]\n<h6><span style=\"color: #000000;\">Esta cera est\u00e1 formulada con resina de base biol\u00f3gica, cera de abejas pura, di\u00f3xido de titanio y carb\u00f3n en polvo. <\/span><\/h6>\n[\/vc_column_text][\/tab][tab icon_family=\u00bbnone\u00bb title=\u00bbC\u00f3mo Aplicar\u00bb id=\u00bb1715584965801-6&#8243; tab_id=\u00bb1715584965801-1&#8243;][vc_column_text]\n<h6>Limpie la piel con la loci\u00f3n dermobalance, utilice una esp\u00e1tula para aplicar una fina capa de cera sobre la piel y espere unos segundos a que se seque y ret\u00edrela con firmeza. aplicar folisan en la zona para evitar los pelos encarnados y terminar con crema calmante o vitalderm ph.<\/h6>\n[\/vc_column_text][\/tab][tab icon_family=\u00bbnone\u00bb title=\u00bbAlmacenamiento\u00bb id=\u00bb1715584965833-8&#8243; tab_id=\u00bb1715584965833-4&#8243;][vc_column_text]\n<h6><span style=\"color: #000000;\">Conservar en un lugar fresco y seco. Proteger del calor y de la luz solar directa.<\/span><\/h6>\n[\/vc_column_text][\/tab][tab icon_family=\u00bbnone\u00bb title=\u00bbAdvertencia\u00bb id=\u00bb1715584965864-8&#8243; tab_id=\u00bb1715584965865-2&#8243;][vc_column_text]\n<h6 style=\"text-align: center;\"><span style=\"color: #000000;\">Uso cosm\u00e9tico. uso profesional. S\u00f3lo para uso externo. No lo utilice en zonas da\u00f1adas o sensibilizadas. Mantener fuera del alcance de los ni\u00f1os. <strong>Advertencia<\/strong>: muy caliente y puede provocar quemaduras. Evite respirar los vapores emitidos por la cera caliente.<\/span><\/h6>\n[\/vc_column_text][\/tab][tab icon_family=\u00bbnone\u00bb title=\u00bbIngredientes\u00bb id=\u00bb1715584965883-6&#8243; tab_id=\u00bb1715584965883-8&#8243;][vc_column_text]\n<h6><span style=\"color: #000000;\">GLYCERYL ROSINATE, CERA ALBA (BEESWAX), COLOPHONIUM (ROSIN), ETHYLENE\/VA COPOLYMER, LANOLIN, TRIETHYLENE GLYCOL ROSINATE, CHARCOAL POWDER, SYNTHETIC WAX, ISOPROPYL TITANIUM TRIISOSTEARATE, PARFUM (FRAGRANCE), LIMONENE, CI 77499 (IRON OXIDES).<\/span><\/h6>\n[\/vc_column_text][\/tab][tab icon_family=\u00bbnone\u00bb title=\u00bbInstrucciones de reciclaje\u00bb id=\u00bb1715584965909-9&#8243; tab_id=\u00bb1715584965910-8&#8243;][vc_column_text text_direction=\u00bbdefault\u00bb]\n<table class=\"table-recycle\">\n<tbody>\n<tr>\n<td class=\"title-recycle\" colspan=\"3\">IT<\/td>\n<\/tr>\n<tr>\n<td>SACCHETTO<\/td>\n<td>PEBD4<\/td>\n<td>PLASTICA<\/td>\n<\/tr>\n<tr>\n<td colspan=\"3\">RACOLTA DIFFERENZIATA verifica le disposizioni del tuo Comune<\/td>\n<\/tr>\n<\/tbody>\n<\/table>\n[\/vc_column_text][\/tab][\/tabbed_section][\/vc_column][\/vc_row]\n","protected":false},"excerpt":{"rendered":"<h6>Nuestra nueva pel\u00edcula de cera est\u00e1 mezclada con un alto porcentaje de cera de abejas pura y lanolina para lograr una textura fluida y un conjunto flexible. Nuestro inteligente qu\u00edmico tambi\u00e9n a\u00f1adi\u00f3 una pizca de carb\u00f3n en polvo, conocido por sus propiedades desintoxicantes, para dejar la piel sin vello y revitalizada. A ella le encanta especialmente para los clientes masculinos, a la hora de eliminar el vello duro de la cara, el pecho y las zonas sensibles, \u00bfy qui\u00e9nes somos nosotros para discutir?<\/h6>\n<hr>\n<h6>Lata: 1 kg<\/h6>\n<hr>\n<p>&nbsp;<\/p>\n","protected":false},"featured_media":3966,"template":"","meta":{"_acf_changed":false},"product_brand":[],"product_cat":[43,168,221],"product_tag":[],"class_list":{"0":"post-3262","1":"product","2":"type-product","3":"status-publish","4":"has-post-thumbnail","6":"product_cat-cera-film","7":"product_cat-ceras-es","8":"product_cat-perlas-de-cera-film-es","10":"first","11":"instock","12":"taxable","13":"shipping-taxable","14":"product-type-simple"},"acf":[],"_links":{"self":[{"href":"https:\/\/depileve.com\/es\/wp-json\/wp\/v2\/product\/3262","targetHints":{"allow":["GET"]}}],"collection":[{"href":"https:\/\/depileve.com\/es\/wp-json\/wp\/v2\/product"}],"about":[{"href":"https:\/\/depileve.com\/es\/wp-json\/wp\/v2\/types\/product"}],"wp:featuredmedia":[{"embeddable":true,"href":"https:\/\/depileve.com\/es\/wp-json\/wp\/v2\/media\/3966"}],"wp:attachment":[{"href":"https:\/\/depileve.com\/es\/wp-json\/wp\/v2\/media?parent=3262"}],"wp:term":[{"taxonomy":"product_brand","embeddable":true,"href":"https:\/\/depileve.com\/es\/wp-json\/wp\/v2\/product_brand?post=3262"},{"taxonomy":"product_cat","embeddable":true,"href":"https:\/\/depileve.com\/es\/wp-json\/wp\/v2\/product_cat?post=3262"},{"taxonomy":"product_tag","embeddable":true,"href":"https:\/\/depileve.com\/es\/wp-json\/wp\/v2\/product_tag?post=3262"}],"curies":[{"name":"wp","href":"https:\/\/api.w.org\/{rel}","templated":true}]}}