{"id":3261,"date":"2023-07-04T16:14:39","date_gmt":"2023-10-05T08:44:11","guid":{"rendered":"https:\/\/depileve.com\/product\/depil-film-gold-bead-film-wax\/"},"modified":"2024-01-30T11:38:22","modified_gmt":"2024-01-30T11:38:22","slug":"depil-film-gold-bead-film-wax","status":"publish","type":"product","link":"https:\/\/depileve.com\/es\/productos\/depil-film-gold-bead-film-wax\/","title":{"rendered":"Depil film gold bead film wax"},"content":{"rendered":"[vc_row type=\u00bbin_container\u00bb full_screen_row_position=\u00bbmiddle\u00bb column_margin=\u00bbdefault\u00bb column_direction=\u00bbdefault\u00bb column_direction_tablet=\u00bbdefault\u00bb column_direction_phone=\u00bbdefault\u00bb scene_position=\u00bbcenter\u00bb text_color=\u00bbdark\u00bb text_align=\u00bbleft\u00bb row_border_radius=\u00bbnone\u00bb row_border_radius_applies=\u00bbbg\u00bb overflow=\u00bbvisible\u00bb overlay_strength=\u00bb0.3&#8243; gradient_direction=\u00bbleft_to_right\u00bb shape_divider_position=\u00bbbottom\u00bb bg_image_animation=\u00bbnone\u00bb][vc_column column_padding=\u00bbno-extra-padding\u00bb column_padding_tablet=\u00bbinherit\u00bb column_padding_phone=\u00bbinherit\u00bb column_padding_position=\u00bball\u00bb column_element_direction_desktop=\u00bbdefault\u00bb column_element_spacing=\u00bbdefault\u00bb desktop_text_alignment=\u00bbcenter\u00bb tablet_text_alignment=\u00bbdefault\u00bb phone_text_alignment=\u00bbdefault\u00bb background_color_opacity=\u00bb1&#8243; background_hover_color_opacity=\u00bb1&#8243; column_backdrop_filter=\u00bbnone\u00bb column_shadow=\u00bbnone\u00bb column_border_radius=\u00bbnone\u00bb column_link_target=\u00bb_self\u00bb column_position=\u00bbdefault\u00bb gradient_direction=\u00bbleft_to_right\u00bb overlay_strength=\u00bb0.3&#8243; width=\u00bb1\/1&#8243; tablet_width_inherit=\u00bbdefault\u00bb animation_type=\u00bbdefault\u00bb bg_image_animation=\u00bbnone\u00bb border_type=\u00bbsimple\u00bb column_border_width=\u00bbnone\u00bb column_border_style=\u00bbsolid\u00bb column_padding_type=\u00bbdefault\u00bb gradient_type=\u00bbdefault\u00bb][tabbed_section style=\u00bbmaterial\u00bb tab_change_animation=\u00bbfade\u00bb alignment=\u00bbcenter\u00bb spacing=\u00bbside-15px\u00bb tab_color=\u00bbAccent-Color\u00bb vs_content_animation=\u00bbfade\u00bb vs_link_animation=\u00bbopacity\u00bb vs_navigation_alignment=\u00bbleft\u00bb vs_navigation_width_2=\u00bb25%\u00bb vs_navigation_func=\u00bbdefault\u00bb vs_navigation_width=\u00bbregular\u00bb vs_navigation_spacing=\u00bb15px\u00bb vs_navigation_mobile_display=\u00bbvisible\u00bb vs_tab_spacing=\u00bb5%\u00bb icon_size=\u00bb24&#8243;][tab icon_family=\u00bbnone\u00bb title=\u00bbCera Para\u00bb id=\u00bb1706523514113-8&#8243; tab_id=\u00bb1706523514114-5&#8243;][vc_column_text]\n<h6>Excelente para todas las zonas y tipos de piel. Eficaz tanto con el vello m\u00e1s grueso y rebelde como con el vello fino y corto.<\/h6>\n[\/vc_column_text][\/tab][tab icon_family=\u00bbnone\u00bb title=\u00bbTextura\u00bb id=\u00bb1706523514170-5&#8243; tab_id=\u00bb1706523514171-2&#8243;][vc_column_text]\n<h6><span style=\"color: #000000;\">Textura cremosa.<\/span><\/h6>\n[\/vc_column_text][\/tab][tab icon_family=\u00bbnone\u00bb title=\u00bbHecho de\u00bb id=\u00bb1706523514200-4&#8243; tab_id=\u00bb1706523514200-2&#8243;][vc_column_text]\n<h6><span style=\"color: #000000;\">Esta cera est\u00e1 formulada con resina de base biol\u00f3gica, cera de abejas pura, di\u00f3xido de titanio y aceite mineral medicinal.<\/span><\/h6>\n[\/vc_column_text][\/tab][tab icon_family=\u00bbnone\u00bb title=\u00bbC\u00f3mo Aplicar\u00bb id=\u00bb1706523514259-7&#8243; tab_id=\u00bb1706523514260-7&#8243;][vc_column_text]\n<h6>Limpie la piel con la loci\u00f3n dermobalance, utilice una esp\u00e1tula para aplicar una fina capa de cera sobre la piel y espere unos segundos a que se seque y ret\u00edrela con firmeza. aplicar folisan en la zona para evitar los pelos encarnados y terminar con crema calmante o vitalderm ph.<\/h6>\n[\/vc_column_text][\/tab][tab icon_family=\u00bbnone\u00bb title=\u00bbAlmacenamiento\u00bb id=\u00bb1706523514287-9&#8243; tab_id=\u00bb1706523514287-8&#8243;][vc_column_text]\n<h6><span style=\"color: #000000;\">Conservar en un lugar fresco y seco. Proteger del calor y de la luz solar directa.<\/span><\/h6>\n[\/vc_column_text][\/tab][tab icon_family=\u00bbnone\u00bb title=\u00bbAdvertencia\u00bb id=\u00bb1706523514314-3&#8243; tab_id=\u00bb1706523514314-1&#8243;][vc_column_text]\n<h6 style=\"text-align: center;\"><span style=\"color: #000000;\">Muy caliente y puede causar quemaduras. Evite respirar los vapores emitidos por la cera caliente.<\/span><\/h6>\n[\/vc_column_text][\/tab][tab icon_family=\u00bbnone\u00bb title=\u00bbIngredientes\u00bb id=\u00bb1706523514376-1&#8243; tab_id=\u00bb1706523514377-10&#8243;][vc_column_text]\n<h6><span style=\"color: #000000;\">GLYCERYL ROSINATE, CERA ALBA (BEESWAX), COLOPHONIUM (ROSIN), ETHYLENE\/VA COPOLYMER, LANOLIN, TRIETHANOLAMINE, PARFUM (FRAGRANCE), MICA, CI 77891 (TITANIUM DIOXIDE), CI 77491 (IRON OXIDES).<\/span><\/h6>\n[\/vc_column_text][\/tab][tab icon_family=\u00bbnone\u00bb title=\u00bbInstrucciones de reciclaje\u00bb id=\u00bb1706523514433-1&#8243; tab_id=\u00bb1706523514433-0&#8243;][vc_column_text text_direction=\u00bbdefault\u00bb]\n<table class=\"table-recycle\">\n<tbody>\n<tr>\n<td class=\"title-recycle\" colspan=\"3\">IT<\/td>\n<\/tr>\n<tr>\n<td>CONTENITORE<\/td>\n<td>PET1<\/td>\n<td>PLASTICA<\/td>\n<\/tr>\n<tr>\n<td colspan=\"3\">RACOLTA DIFFERENZIATA verifica le disposizioni del tuo Comune<\/td>\n<\/tr>\n<\/tbody>\n<\/table>\n[\/vc_column_text][\/tab][\/tabbed_section][\/vc_column][\/vc_row]\n","protected":false},"excerpt":{"rendered":"<h6>Formulada con cera pura de abejas y Di\u00f3xido de Titanio que aporta emoliencia y suavidad a la piel. Seca r\u00e1pidamente minimizando la sensaci\u00f3n t\u00e9rmica en la piel. Se retira f\u00e1cilmente y se adhiere perfectamente al vello, no a la piel. Viene en forma de cuentas para facilitar el trabajo y el control de la temperatura.<\/h6>\n<hr>\n<h6>Perlas: 1 kg<\/h6>\n<hr>\n<p>&nbsp;<\/p>\n","protected":false},"featured_media":3953,"template":"","meta":{"_acf_changed":false},"product_brand":[],"product_cat":[43,168,221],"product_tag":[],"class_list":{"0":"post-3261","1":"product","2":"type-product","3":"status-publish","4":"has-post-thumbnail","6":"product_cat-cera-film","7":"product_cat-ceras-es","8":"product_cat-perlas-de-cera-film-es","10":"first","11":"instock","12":"taxable","13":"shipping-taxable","14":"product-type-simple"},"acf":[],"_links":{"self":[{"href":"https:\/\/depileve.com\/es\/wp-json\/wp\/v2\/product\/3261","targetHints":{"allow":["GET"]}}],"collection":[{"href":"https:\/\/depileve.com\/es\/wp-json\/wp\/v2\/product"}],"about":[{"href":"https:\/\/depileve.com\/es\/wp-json\/wp\/v2\/types\/product"}],"wp:featuredmedia":[{"embeddable":true,"href":"https:\/\/depileve.com\/es\/wp-json\/wp\/v2\/media\/3953"}],"wp:attachment":[{"href":"https:\/\/depileve.com\/es\/wp-json\/wp\/v2\/media?parent=3261"}],"wp:term":[{"taxonomy":"product_brand","embeddable":true,"href":"https:\/\/depileve.com\/es\/wp-json\/wp\/v2\/product_brand?post=3261"},{"taxonomy":"product_cat","embeddable":true,"href":"https:\/\/depileve.com\/es\/wp-json\/wp\/v2\/product_cat?post=3261"},{"taxonomy":"product_tag","embeddable":true,"href":"https:\/\/depileve.com\/es\/wp-json\/wp\/v2\/product_tag?post=3261"}],"curies":[{"name":"wp","href":"https:\/\/api.w.org\/{rel}","templated":true}]}}