{"id":3249,"date":"2023-07-13T08:19:13","date_gmt":"2023-10-05T08:04:38","guid":{"rendered":"https:\/\/depileve.com\/product\/ng-chocolate-wax\/"},"modified":"2023-12-15T09:26:45","modified_gmt":"2023-12-15T09:26:45","slug":"ng-chocolate-wax","status":"publish","type":"product","link":"https:\/\/depileve.com\/es\/productos\/ng-chocolate-wax\/","title":{"rendered":"NG chocolate wax"},"content":{"rendered":"[vc_row type=\u00bbin_container\u00bb full_screen_row_position=\u00bbmiddle\u00bb column_margin=\u00bbdefault\u00bb column_direction=\u00bbdefault\u00bb column_direction_tablet=\u00bbdefault\u00bb column_direction_phone=\u00bbdefault\u00bb scene_position=\u00bbcenter\u00bb text_color=\u00bbdark\u00bb text_align=\u00bbleft\u00bb row_border_radius=\u00bbnone\u00bb row_border_radius_applies=\u00bbbg\u00bb overflow=\u00bbvisible\u00bb overlay_strength=\u00bb0.3&#8243; gradient_direction=\u00bbleft_to_right\u00bb shape_divider_position=\u00bbbottom\u00bb bg_image_animation=\u00bbnone\u00bb][vc_column column_padding=\u00bbno-extra-padding\u00bb column_padding_tablet=\u00bbinherit\u00bb column_padding_phone=\u00bbinherit\u00bb column_padding_position=\u00bball\u00bb column_element_direction_desktop=\u00bbdefault\u00bb column_element_spacing=\u00bbdefault\u00bb desktop_text_alignment=\u00bbcenter\u00bb tablet_text_alignment=\u00bbdefault\u00bb phone_text_alignment=\u00bbdefault\u00bb background_color_opacity=\u00bb1&#8243; background_hover_color_opacity=\u00bb1&#8243; column_backdrop_filter=\u00bbnone\u00bb column_shadow=\u00bbnone\u00bb column_border_radius=\u00bbnone\u00bb column_link_target=\u00bb_self\u00bb column_position=\u00bbdefault\u00bb gradient_direction=\u00bbleft_to_right\u00bb overlay_strength=\u00bb0.3&#8243; width=\u00bb1\/1&#8243; tablet_width_inherit=\u00bbdefault\u00bb animation_type=\u00bbdefault\u00bb bg_image_animation=\u00bbnone\u00bb border_type=\u00bbsimple\u00bb column_border_width=\u00bbnone\u00bb column_border_style=\u00bbsolid\u00bb column_padding_type=\u00bbdefault\u00bb gradient_type=\u00bbdefault\u00bb][tabbed_section style=\u00bbmaterial\u00bb tab_change_animation=\u00bbfade\u00bb alignment=\u00bbcenter\u00bb spacing=\u00bbside-15px\u00bb tab_color=\u00bbAccent-Color\u00bb vs_content_animation=\u00bbfade\u00bb vs_link_animation=\u00bbopacity\u00bb vs_navigation_alignment=\u00bbleft\u00bb vs_navigation_width_2=\u00bb25%\u00bb vs_navigation_func=\u00bbdefault\u00bb vs_navigation_width=\u00bbregular\u00bb vs_navigation_spacing=\u00bb15px\u00bb vs_navigation_mobile_display=\u00bbvisible\u00bb vs_tab_spacing=\u00bb5%\u00bb icon_size=\u00bb24&#8243;][tab icon_family=\u00bbnone\u00bb title=\u00bbCera Para\u00bb id=\u00bb1702632173431-3&#8243; tab_id=\u00bb1702632173432-7&#8243;][vc_column_text]\n<h6 style=\"text-align: center;\">Adecuado para todo tipo de vello, desde vello grueso hasta vello muy fino y corto. Ideal para \u00e1reas m\u00e1s grandes y piel seca.<\/h6>\n[\/vc_column_text][\/tab][tab icon_family=\u00bbnone\u00bb title=\u00bbTextura\u00bb id=\u00bb1702632173458-8&#8243; tab_id=\u00bb1702632173459-7&#8243;][vc_column_text]\n<h6 style=\"text-align: center;\">Textura cremosa<\/h6>\n[\/vc_column_text][\/tab][tab icon_family=\u00bbnone\u00bb title=\u00bbHecho de\u00bb id=\u00bb1702632173469-6&#8243; tab_id=\u00bb1702632173469-9&#8243;][vc_column_text]\n<h6 style=\"text-align: center;\">Esta cera est\u00e1 formulada con resina de base biol\u00f3gica, di\u00f3xido de titanio y extracto de cacao.<\/h6>\n[\/vc_column_text][\/tab][tab icon_family=\u00bbnone\u00bb title=\u00bbC\u00f3mo Aplicar\u00bb id=\u00bb1702632173475-9&#8243; tab_id=\u00bb1702632173475-2&#8243;][vc_column_text]\n<h6 style=\"text-align: center;\">Limpiar la piel con el gel Pre-base, aplicar una fina capa de cera sobre la piel utilizando el cartucho, aplicar una banda sobre la cera y retirar con firmeza. Aplicar Folisan en la zona para evitar los pelos enquistados y terminar con una limpieza con Leche o Aceite.<\/h6>\n[\/vc_column_text][\/tab][tab icon_family=\u00bbnone\u00bb title=\u00bbAlmacenamiento\u00bb id=\u00bb1702632173481-9&#8243; tab_id=\u00bb1702632173482-2&#8243;][vc_column_text]\n<h6 style=\"text-align: center;\">Conservar en un lugar fresco y seco. Proteger del calor y de la luz solar directa.<\/h6>\n[\/vc_column_text][\/tab][tab icon_family=\u00bbnone\u00bb title=\u00bbAdvertencia\u00bb id=\u00bb1702632173490-2&#8243; tab_id=\u00bb1702632173490-9&#8243;][vc_column_text]\n<h6 style=\"text-align: center;\">Uso cosm\u00e9tico. uso profesional. S\u00f3lo para uso externo. No lo utilice en zonas da\u00f1adas o sensibilizadas. Mantener fuera del alcance de los ni\u00f1os. Advertencia: est\u00e1 muy caliente y puede provocar quemaduras. Evite respirar los vapores emitidos por la cera caliente.<\/h6>\n[\/vc_column_text][\/tab][tab icon_family=\u00bbnone\u00bb title=\u00bbIngredientes\u00bb id=\u00bb1702632173498-4&#8243; tab_id=\u00bb1702632173498-0&#8243;][vc_column_text]\n<h6 style=\"text-align: center;\">GLYCERYL ROSINATE, PARAFFINUM LIQUIDUM (MINERAL OIL), CERA MICROCRISTALLINA (MICROCRYSTALLINE WAX), PARAFFIN, PARFUM (FRAGRANCE), THEOBROMA CACAO (COCOA) EXTRACT, CI 77491 (IRON OXIDES), CI 77492 (IRON OXIDES), CI 77499 (IRON OXIDES).<\/h6>\n[\/vc_column_text][\/tab][tab icon_family=\u00bbnone\u00bb title=\u00bbInstrucciones de reciclaje\u00bb id=\u00bb1702632174899-0&#8243; tab_id=\u00bb1702632174899-8&#8243;][vc_column_text]\n<table class=\"table-recycle\">\n<tbody>\n<tr>\n<td class=\"title-recycle\" colspan=\"3\">IT<\/td>\n<\/tr>\n<tr>\n<td>ALTRIS<\/td>\n<td>PEBD4<\/td>\n<td>PLASTICA<\/td>\n<\/tr>\n<tr>\n<td>ALTRIS<\/td>\n<td>PP5<\/td>\n<td>PLASTICA<\/td>\n<\/tr>\n<tr>\n<td>ETICHETTA<\/td>\n<td>PP5<\/td>\n<td>PLASTICA<\/td>\n<\/tr>\n<tr>\n<td colspan=\"3\">RACOLTA DIFFERENZIATA verifica le disposizioni del tuo Comune<\/td>\n<\/tr>\n<\/tbody>\n<\/table>\n[\/vc_column_text][\/tab][\/tabbed_section][\/vc_column][\/vc_row]\n","protected":false},"excerpt":{"rendered":"<h6 style=\"text-align: left;\">\u00a1Huele lo suficientemente bein para comer! Esta f\u00f3rmula suave y emoliente est\u00e1 potenciada por las poderosas propiedades antioxidantes del extracto de cacao natural.<\/h6>\n<hr>\n<h6>Roll-on Cartriges : 100 ml<\/h6>\n<hr>\n<p>&nbsp;<\/p>\n","protected":false},"featured_media":884,"template":"","meta":{"_acf_changed":false},"product_brand":[],"product_cat":[51,168,227,225],"product_tag":[],"class_list":{"0":"post-3249","1":"product","2":"type-product","3":"status-publish","4":"has-post-thumbnail","6":"product_cat-cera-con-bandas","7":"product_cat-ceras-es","8":"product_cat-ng-formula-es","9":"product_cat-roll-on-es","11":"first","12":"instock","13":"taxable","14":"shipping-taxable","15":"product-type-simple"},"acf":[],"_links":{"self":[{"href":"https:\/\/depileve.com\/es\/wp-json\/wp\/v2\/product\/3249","targetHints":{"allow":["GET"]}}],"collection":[{"href":"https:\/\/depileve.com\/es\/wp-json\/wp\/v2\/product"}],"about":[{"href":"https:\/\/depileve.com\/es\/wp-json\/wp\/v2\/types\/product"}],"wp:featuredmedia":[{"embeddable":true,"href":"https:\/\/depileve.com\/es\/wp-json\/wp\/v2\/media\/884"}],"wp:attachment":[{"href":"https:\/\/depileve.com\/es\/wp-json\/wp\/v2\/media?parent=3249"}],"wp:term":[{"taxonomy":"product_brand","embeddable":true,"href":"https:\/\/depileve.com\/es\/wp-json\/wp\/v2\/product_brand?post=3249"},{"taxonomy":"product_cat","embeddable":true,"href":"https:\/\/depileve.com\/es\/wp-json\/wp\/v2\/product_cat?post=3249"},{"taxonomy":"product_tag","embeddable":true,"href":"https:\/\/depileve.com\/es\/wp-json\/wp\/v2\/product_tag?post=3249"}],"curies":[{"name":"wp","href":"https:\/\/api.w.org\/{rel}","templated":true}]}}