{"id":3239,"date":"2023-07-13T09:50:06","date_gmt":"2023-10-05T07:31:54","guid":{"rendered":"https:\/\/depileve.com\/product\/traditional-tray-bush-tea-bio-wax\/"},"modified":"2023-12-21T12:21:25","modified_gmt":"2023-12-21T12:21:25","slug":"bush-tea-bio-tray","status":"publish","type":"product","link":"https:\/\/depileve.com\/es\/productos\/bush-tea-bio-tray\/","title":{"rendered":"Bush tea bio tray"},"content":{"rendered":"[vc_row type=\u00bbin_container\u00bb full_screen_row_position=\u00bbmiddle\u00bb column_margin=\u00bbdefault\u00bb column_direction=\u00bbdefault\u00bb column_direction_tablet=\u00bbdefault\u00bb column_direction_phone=\u00bbdefault\u00bb scene_position=\u00bbcenter\u00bb text_color=\u00bbdark\u00bb text_align=\u00bbleft\u00bb row_border_radius=\u00bbnone\u00bb row_border_radius_applies=\u00bbbg\u00bb overflow=\u00bbvisible\u00bb overlay_strength=\u00bb0.3&#8243; gradient_direction=\u00bbleft_to_right\u00bb shape_divider_position=\u00bbbottom\u00bb bg_image_animation=\u00bbnone\u00bb][vc_column column_padding=\u00bbno-extra-padding\u00bb column_padding_tablet=\u00bbinherit\u00bb column_padding_phone=\u00bbinherit\u00bb column_padding_position=\u00bball\u00bb column_element_direction_desktop=\u00bbdefault\u00bb column_element_spacing=\u00bbdefault\u00bb desktop_text_alignment=\u00bbcenter\u00bb tablet_text_alignment=\u00bbdefault\u00bb phone_text_alignment=\u00bbdefault\u00bb background_color_opacity=\u00bb1&#8243; background_hover_color_opacity=\u00bb1&#8243; column_backdrop_filter=\u00bbnone\u00bb column_shadow=\u00bbnone\u00bb column_border_radius=\u00bbnone\u00bb column_link_target=\u00bb_self\u00bb column_position=\u00bbdefault\u00bb gradient_direction=\u00bbleft_to_right\u00bb overlay_strength=\u00bb0.3&#8243; width=\u00bb1\/1&#8243; tablet_width_inherit=\u00bbdefault\u00bb animation_type=\u00bbdefault\u00bb bg_image_animation=\u00bbnone\u00bb border_type=\u00bbsimple\u00bb column_border_width=\u00bbnone\u00bb column_border_style=\u00bbsolid\u00bb column_padding_type=\u00bbdefault\u00bb gradient_type=\u00bbdefault\u00bb][tabbed_section style=\u00bbmaterial\u00bb tab_change_animation=\u00bbfade\u00bb alignment=\u00bbcenter\u00bb spacing=\u00bbside-15px\u00bb tab_color=\u00bbAccent-Color\u00bb vs_content_animation=\u00bbfade\u00bb vs_link_animation=\u00bbopacity\u00bb vs_navigation_alignment=\u00bbleft\u00bb vs_navigation_width_2=\u00bb25%\u00bb vs_navigation_func=\u00bbdefault\u00bb vs_navigation_width=\u00bbregular\u00bb vs_navigation_spacing=\u00bb15px\u00bb vs_navigation_mobile_display=\u00bbvisible\u00bb vs_tab_spacing=\u00bb5%\u00bb icon_size=\u00bb24&#8243;][tab icon_family=\u00bbnone\u00bb title=\u00bbCera Para\u00bb id=\u00bb1689242168310-7&#8243; tab_id=\u00bb1689242168310-0&#8243;][vc_column_text]\n<h6 style=\"text-align: center;\">Ideal para todo tipo de pieles, incluso las pieles sensibles y el bello m\u00e1s duros.<\/h6>\n[\/vc_column_text][\/tab][tab icon_family=\u00bbnone\u00bb title=\u00bbTextura\u00bb id=\u00bb1689242168321-5&#8243; tab_id=\u00bb1689242168321-4&#8243;][vc_column_text]\n<h6 style=\"text-align: center;\">Textura cremosa<\/h6>\n[\/vc_column_text][\/tab][tab icon_family=\u00bbnone\u00bb title=\u00bbHecho de\u00bb id=\u00bb1689242168335-5&#8243; tab_id=\u00bb1689242168335-2&#8243;][vc_column_text]\n<h6 style=\"text-align: center;\">Esta cera est\u00e1 formulada con resina de base biol\u00f3gica, di\u00f3xido de titanio y extracto de roiboos sudafricanos.<\/h6>\n[\/vc_column_text][\/tab][tab icon_family=\u00bbnone\u00bb title=\u00bbC\u00f3mo Aplicar\u00bb id=\u00bb1689242168350-1&#8243; tab_id=\u00bb1689242168350-6&#8243;][vc_column_text]\n<h6 style=\"text-align: center;\">Limpie la piel con la loci\u00f3n dermobalance, utilice una esp\u00e1tula para aplicar una fina capa de cera sobre la piel y espere unos segundos a que se seque y ret\u00edrela con firmeza. aplicar folisan en la zona para evitar los pelos encarnados y terminar con crema calmante o vitalderm ph.<\/h6>\n[\/vc_column_text][\/tab][tab icon_family=\u00bbnone\u00bb title=\u00bbAlmacenamiento\u00bb id=\u00bb1689242168363-4&#8243; tab_id=\u00bb1689242168363-4&#8243;][vc_column_text]\n<h6 style=\"text-align: center;\"><span style=\"color: #000000;\">Conservar en un lugar fresco y seco. Proteger del calor y de la luz solar directa.<\/span><\/h6>\n[\/vc_column_text][\/tab][tab icon_family=\u00bbnone\u00bb title=\u00bbAdvertencia\u00bb id=\u00bb1689242168377-0&#8243; tab_id=\u00bb1689242168377-0&#8243;][vc_column_text]\n<h6 style=\"text-align: center;\">Uso cosm\u00e9tico. uso profesional. S\u00f3lo para uso externo. No lo utilice en zonas da\u00f1adas o sensibilizadas. Mantener fuera del alcance de los ni\u00f1os. Advertencia: est\u00e1 muy caliente y puede provocar quemaduras. Evite respirar los vapores emitidos por la cera caliente.<\/h6>\n[\/vc_column_text][\/tab][tab icon_family=\u00bbnone\u00bb title=\u00bbIngredientes\u00bb id=\u00bb1689242168390-2&#8243; tab_id=\u00bb1689242168390-10&#8243;][vc_column_text]\n<h6 style=\"text-align: center;\">COLOPHONIUM (ROSIN), GLYCERYL ROSINATE, CERA ALBA (BEESWAX), LANOLIN, ASPALATHUS LINEARIS (ROOIBOS) LEAF EXTRACT, HELIANTHUS ANNUUS (SUNFLOWER) SEED OIL, PARAFFINUM LIQUIDUM (MINERAL OIL), CAPRYLIC\/CAPRIC TRIGLYCERIDE, SYNTHETIC WAX, ISOPROPYL TITANIUM TRIISOSTEARATE, PARFUM (FRAGRANCE), CI 77491 (IRON OXIDES).<\/h6>\n[\/vc_column_text][\/tab][\/tabbed_section][\/vc_column][\/vc_row]\n","protected":false},"excerpt":{"rendered":"<h6>Parte de la nueva generaci\u00f3n de ceras tradicionales de Depil\u00e8ve, con cera de abejas pura, resinas naturales, aceite de girasol y lanolina para una excelente maleabilidad y facilidad de aplicaci\u00f3n. La trufa negra de esta f\u00f3rmula aterciopelada tiene un potente efecto regenerador, rica en nutrientes iluminadores y reparadores de la piel. Nos encanta verlo.<\/h6>\n<hr \/>\n<h6>Trays : 2 x 500 g<\/h6>\n<hr \/>\n<p>&nbsp;<\/p>\n","protected":false},"featured_media":1365,"template":"","meta":{"_acf_changed":false},"product_brand":[],"product_cat":[235,53,168],"product_tag":[],"class_list":{"0":"post-3239","1":"product","2":"type-product","3":"status-publish","4":"has-post-thumbnail","6":"product_cat-bio-wax-es","7":"product_cat-cera-tradicional","8":"product_cat-ceras-es","10":"first","11":"instock","12":"taxable","13":"shipping-taxable","14":"product-type-simple"},"acf":[],"_links":{"self":[{"href":"https:\/\/depileve.com\/es\/wp-json\/wp\/v2\/product\/3239","targetHints":{"allow":["GET"]}}],"collection":[{"href":"https:\/\/depileve.com\/es\/wp-json\/wp\/v2\/product"}],"about":[{"href":"https:\/\/depileve.com\/es\/wp-json\/wp\/v2\/types\/product"}],"wp:featuredmedia":[{"embeddable":true,"href":"https:\/\/depileve.com\/es\/wp-json\/wp\/v2\/media\/1365"}],"wp:attachment":[{"href":"https:\/\/depileve.com\/es\/wp-json\/wp\/v2\/media?parent=3239"}],"wp:term":[{"taxonomy":"product_brand","embeddable":true,"href":"https:\/\/depileve.com\/es\/wp-json\/wp\/v2\/product_brand?post=3239"},{"taxonomy":"product_cat","embeddable":true,"href":"https:\/\/depileve.com\/es\/wp-json\/wp\/v2\/product_cat?post=3239"},{"taxonomy":"product_tag","embeddable":true,"href":"https:\/\/depileve.com\/es\/wp-json\/wp\/v2\/product_tag?post=3239"}],"curies":[{"name":"wp","href":"https:\/\/api.w.org\/{rel}","templated":true}]}}