{"id":3228,"date":"2023-07-13T12:03:06","date_gmt":"2023-07-13T12:03:06","guid":{"rendered":"https:\/\/depileve.com\/product\/oil-cleanser\/"},"modified":"2023-12-15T09:01:27","modified_gmt":"2023-12-15T09:01:27","slug":"oil-cleanser","status":"publish","type":"product","link":"https:\/\/depileve.com\/es\/productos\/oil-cleanser\/","title":{"rendered":"Oil cleanser"},"content":{"rendered":"[vc_row type=\u00bbin_container\u00bb full_screen_row_position=\u00bbmiddle\u00bb column_margin=\u00bbdefault\u00bb column_direction=\u00bbdefault\u00bb column_direction_tablet=\u00bbdefault\u00bb column_direction_phone=\u00bbdefault\u00bb scene_position=\u00bbcenter\u00bb text_color=\u00bbdark\u00bb text_align=\u00bbleft\u00bb row_border_radius=\u00bbnone\u00bb row_border_radius_applies=\u00bbbg\u00bb overflow=\u00bbvisible\u00bb overlay_strength=\u00bb0.3&#8243; gradient_direction=\u00bbleft_to_right\u00bb shape_divider_position=\u00bbbottom\u00bb bg_image_animation=\u00bbnone\u00bb][vc_column column_padding=\u00bbno-extra-padding\u00bb column_padding_tablet=\u00bbinherit\u00bb column_padding_phone=\u00bbinherit\u00bb column_padding_position=\u00bball\u00bb column_element_direction_desktop=\u00bbdefault\u00bb column_element_spacing=\u00bbdefault\u00bb desktop_text_alignment=\u00bbcenter\u00bb tablet_text_alignment=\u00bbdefault\u00bb phone_text_alignment=\u00bbdefault\u00bb background_color_opacity=\u00bb1&#8243; background_hover_color_opacity=\u00bb1&#8243; column_backdrop_filter=\u00bbnone\u00bb column_shadow=\u00bbnone\u00bb column_border_radius=\u00bbnone\u00bb column_link_target=\u00bb_self\u00bb column_position=\u00bbdefault\u00bb gradient_direction=\u00bbleft_to_right\u00bb overlay_strength=\u00bb0.3&#8243; width=\u00bb1\/1&#8243; tablet_width_inherit=\u00bbdefault\u00bb animation_type=\u00bbdefault\u00bb bg_image_animation=\u00bbnone\u00bb border_type=\u00bbsimple\u00bb column_border_width=\u00bbnone\u00bb column_border_style=\u00bbsolid\u00bb column_padding_type=\u00bbdefault\u00bb gradient_type=\u00bbdefault\u00bb][tabbed_section style=\u00bbmaterial\u00bb tab_change_animation=\u00bbfade\u00bb alignment=\u00bbcenter\u00bb spacing=\u00bbside-15px\u00bb tab_color=\u00bbAccent-Color\u00bb vs_content_animation=\u00bbfade\u00bb vs_link_animation=\u00bbopacity\u00bb vs_navigation_alignment=\u00bbleft\u00bb vs_navigation_width_2=\u00bb25%\u00bb vs_navigation_func=\u00bbdefault\u00bb vs_navigation_width=\u00bbregular\u00bb vs_navigation_spacing=\u00bb15px\u00bb vs_navigation_mobile_display=\u00bbvisible\u00bb vs_tab_spacing=\u00bb5%\u00bb icon_size=\u00bb24&#8243;][tab icon_family=\u00bbnone\u00bb title=\u00bbCosm\u00e9tico Para\u00bb id=\u00bb1702630689861-8&#8243; tab_id=\u00bb1702630689862-6&#8243;][vc_column_text]\n<h6 style=\"text-align: center;\">Limpia e hidrata la piel despu\u00e9s de la depilaci\u00f3n. Disuelve los residuos de cera, dejando la piel suave y el\u00e1stica, minimizando el riesgo de irritaci\u00f3n.<\/h6>\n[\/vc_column_text][\/tab][tab icon_family=\u00bbnone\u00bb title=\u00bbHecho de\u00bb id=\u00bb1702630689889-5&#8243; tab_id=\u00bb1702630689890-5&#8243;][vc_column_text]\n<h6 style=\"text-align: center;\">Espec\u00edficamente formulado con Aceite de Germen de Trigo y Azuleno.<\/h6>\n[\/vc_column_text][\/tab][tab icon_family=\u00bbnone\u00bb title=\u00bbC\u00f3mo Aplicar\u00bb id=\u00bb1702630689901-4&#8243; tab_id=\u00bb1702630689901-10&#8243;][vc_column_text]\n<h6 class=\"ewa-rteLine\" style=\"text-align: center;\">Aplicar una peque\u00f1a cantidad de aceite y masajear hasta su total absorci\u00f3n. Seque el exceso de aceite si es necesario.<\/h6>\n[\/vc_column_text][\/tab][tab icon_family=\u00bbnone\u00bb title=\u00bbAlmacenamiento\u00bb id=\u00bb1702630689910-7&#8243; tab_id=\u00bb1702630689911-10&#8243;][vc_column_text]\n<h6 style=\"text-align: center;\"><span style=\"color: #000000;\">Conservar en un lugar fresco y seco. Proteger del calor y de la luz solar directa.<\/span><\/h6>\n[\/vc_column_text][\/tab][tab icon_family=\u00bbnone\u00bb title=\u00bbAdvertencia\u00bb id=\u00bb1702630689923-10&#8243; tab_id=\u00bb1702630689923-6&#8243;][vc_column_text]\n<h6 style=\"text-align: center;\">S\u00f3lo para uso externo. Uso cosm\u00e9tico. Uso profesional. No aplicar en zonas sensibilizadas. Mantener fuera del alcance de los ni\u00f1os.<\/h6>\n[\/vc_column_text][\/tab][tab icon_family=\u00bbnone\u00bb title=\u00bbIngredientes\u00bb id=\u00bb1702630689933-6&#8243; tab_id=\u00bb1702630689933-4&#8243;][vc_column_text]\n<h6 style=\"text-align: center;\">PARAFFINUM LIQUIDUM (MINERAL OIL), CAPRYLIC\/CAPRIC TRIGLYCERIDE, ISOPROPYL MYRISTATE, OLETH-2, LAURETH-2, TRITICUM VULGARE (WHEAT) GERM OIL, PEG-7 GLYCERYL COCOATE, PARFUM (FRAGRANCE), BHT, HEXYL CINNAMAL, GUAIAZULENE.7891 (TITANIUM DIOXIDE), CI 45410 (RED 27 LAKE).<\/h6>\n[\/vc_column_text][\/tab][tab icon_family=\u00bbnone\u00bb title=\u00bbInstrucciones de reciclaje\u00bb id=\u00bb1702630694522-0&#8243; tab_id=\u00bb1702630694522-4&#8243;][vc_column_text]\n<table class=\"table-recycle\">\n<tbody>\n<tr>\n<td class=\"title-recycle\" colspan=\"3\">IT<\/td>\n<\/tr>\n<tr>\n<td>CONTENITORE<\/td>\n<td>PET1<\/td>\n<td>PLASTICA<\/td>\n<\/tr>\n<tr>\n<td>TAPPO<\/td>\n<td>C\/PP95<\/td>\n<td>PLASTICA<\/td>\n<\/tr>\n<tr>\n<td colspan=\"3\">RACOLTA DIFFERENZIATA verifica le disposizioni del tuo Comune<\/td>\n<\/tr>\n<\/tbody>\n<\/table>\n[\/vc_column_text][\/tab][\/tabbed_section][\/vc_column][\/vc_row]\n","protected":false},"excerpt":{"rendered":"<h6 style=\"text-align: left;\">Elimina los residuos de cera rebeldes y al mismo tiempo calma y nutre la piel despu\u00e9s de la depilaci\u00f3n. El aceite de germen de trigo y el azuleno son una combinaci\u00f3n perfecta para pieles secas y bronceadas, as\u00ed que fr\u00f3talo y camina erguido, amigo m\u00edo.<\/h6>\n<hr>\n<h6>Botella: 220 ml, 350 ml, 500 ml<\/h6>\n<hr>\n<p>&nbsp;<\/p>\n","protected":false},"featured_media":4836,"template":"","meta":{"_acf_changed":false},"product_brand":[],"product_cat":[41,185],"product_tag":[],"class_list":{"0":"post-3228","1":"product","2":"type-product","3":"status-publish","4":"has-post-thumbnail","6":"product_cat-cosmeticos","7":"product_cat-post-depilacion","9":"first","10":"instock","11":"taxable","12":"shipping-taxable","13":"product-type-variable"},"acf":[],"_links":{"self":[{"href":"https:\/\/depileve.com\/es\/wp-json\/wp\/v2\/product\/3228","targetHints":{"allow":["GET"]}}],"collection":[{"href":"https:\/\/depileve.com\/es\/wp-json\/wp\/v2\/product"}],"about":[{"href":"https:\/\/depileve.com\/es\/wp-json\/wp\/v2\/types\/product"}],"wp:featuredmedia":[{"embeddable":true,"href":"https:\/\/depileve.com\/es\/wp-json\/wp\/v2\/media\/4836"}],"wp:attachment":[{"href":"https:\/\/depileve.com\/es\/wp-json\/wp\/v2\/media?parent=3228"}],"wp:term":[{"taxonomy":"product_brand","embeddable":true,"href":"https:\/\/depileve.com\/es\/wp-json\/wp\/v2\/product_brand?post=3228"},{"taxonomy":"product_cat","embeddable":true,"href":"https:\/\/depileve.com\/es\/wp-json\/wp\/v2\/product_cat?post=3228"},{"taxonomy":"product_tag","embeddable":true,"href":"https:\/\/depileve.com\/es\/wp-json\/wp\/v2\/product_tag?post=3228"}],"curies":[{"name":"wp","href":"https:\/\/api.w.org\/{rel}","templated":true}]}}