{"id":3226,"date":"2023-07-13T12:30:55","date_gmt":"2023-10-04T15:39:43","guid":{"rendered":"https:\/\/depileve.com\/product\/tea-tree-gel\/"},"modified":"2023-10-25T08:30:51","modified_gmt":"2023-10-25T08:30:51","slug":"tea-tree-gel","status":"publish","type":"product","link":"https:\/\/depileve.com\/es\/productos\/tea-tree-gel\/","title":{"rendered":"Tea tree gel"},"content":{"rendered":"[vc_row type=\u00bbin_container\u00bb full_screen_row_position=\u00bbmiddle\u00bb column_margin=\u00bbdefault\u00bb column_direction=\u00bbdefault\u00bb column_direction_tablet=\u00bbdefault\u00bb column_direction_phone=\u00bbdefault\u00bb scene_position=\u00bbcenter\u00bb text_color=\u00bbdark\u00bb text_align=\u00bbleft\u00bb row_border_radius=\u00bbnone\u00bb row_border_radius_applies=\u00bbbg\u00bb overflow=\u00bbvisible\u00bb overlay_strength=\u00bb0.3&#8243; gradient_direction=\u00bbleft_to_right\u00bb shape_divider_position=\u00bbbottom\u00bb bg_image_animation=\u00bbnone\u00bb][vc_column column_padding=\u00bbno-extra-padding\u00bb column_padding_tablet=\u00bbinherit\u00bb column_padding_phone=\u00bbinherit\u00bb column_padding_position=\u00bball\u00bb column_element_direction_desktop=\u00bbdefault\u00bb column_element_spacing=\u00bbdefault\u00bb desktop_text_alignment=\u00bbcenter\u00bb tablet_text_alignment=\u00bbdefault\u00bb phone_text_alignment=\u00bbdefault\u00bb background_color_opacity=\u00bb1&#8243; background_hover_color_opacity=\u00bb1&#8243; column_backdrop_filter=\u00bbnone\u00bb column_shadow=\u00bbnone\u00bb column_border_radius=\u00bbnone\u00bb column_link_target=\u00bb_self\u00bb column_position=\u00bbdefault\u00bb gradient_direction=\u00bbleft_to_right\u00bb overlay_strength=\u00bb0.3&#8243; width=\u00bb1\/1&#8243; tablet_width_inherit=\u00bbdefault\u00bb animation_type=\u00bbdefault\u00bb bg_image_animation=\u00bbnone\u00bb border_type=\u00bbsimple\u00bb column_border_width=\u00bbnone\u00bb column_border_style=\u00bbsolid\u00bb column_padding_type=\u00bbdefault\u00bb gradient_type=\u00bbdefault\u00bb][tabbed_section style=\u00bbmaterial\u00bb tab_change_animation=\u00bbfade\u00bb alignment=\u00bbcenter\u00bb spacing=\u00bbside-15px\u00bb tab_color=\u00bbAccent-Color\u00bb vs_content_animation=\u00bbfade\u00bb vs_link_animation=\u00bbopacity\u00bb vs_navigation_alignment=\u00bbleft\u00bb vs_navigation_width_2=\u00bb25%\u00bb vs_navigation_func=\u00bbdefault\u00bb vs_navigation_width=\u00bbregular\u00bb vs_navigation_spacing=\u00bb15px\u00bb vs_navigation_mobile_display=\u00bbvisible\u00bb vs_tab_spacing=\u00bb5%\u00bb icon_size=\u00bb24&#8243;][tab icon_family=\u00bbnone\u00bb title=\u00bbCosmetico Para\u00bb id=\u00bb1689252081490-1&#8243; tab_id=\u00bb1689252081491-7&#8243;][vc_column_text]\n<h6 style=\"text-align: center;\">Gel efecto refrescante para calmar, refrescar y eliminar la sensaci\u00f3n de calor que queda en la piel.<\/h6>\n[\/vc_column_text][\/tab][tab icon_family=\u00bbnone\u00bb title=\u00bbHecho de\u00bb id=\u00bb1689252081512-6&#8243; tab_id=\u00bb1689252081513-4&#8243;][vc_column_text]\n<h6 style=\"text-align: center;\">Espec\u00edficamente formulado con extracto de hamamelis y aceite de \u00e1rbol de t\u00e9.<\/h6>\n[\/vc_column_text][\/tab][tab icon_family=\u00bbnone\u00bb title=\u00bbComo Aplicar\u00bb id=\u00bb1689252081521-7&#8243; tab_id=\u00bb1689252081522-1&#8243;][vc_column_text]\n<h6 class=\"ewa-rteLine\" style=\"text-align: center;\">Aplicar una cantidad de gel del tama\u00f1o de un guisante directamente sobre las zonas depiladas con un movimiento de masaje ascendente ayudando a la circulaci\u00f3n sangu\u00ednea hasta su total absorci\u00f3n.<\/h6>\n[\/vc_column_text][\/tab][tab icon_family=\u00bbnone\u00bb title=\u00bbAlmacenameinto\u00bb id=\u00bb1689252081528-10&#8243; tab_id=\u00bb1689252081528-5&#8243;][vc_column_text]\n<h6 style=\"text-align: center;\">Guardar en lugar fresco y seco. Proteger del calor y la luz solar directa.<\/h6>\n[\/vc_column_text][\/tab][tab icon_family=\u00bbnone\u00bb title=\u00bbAdvertencia\u00bb id=\u00bb1689252081535-2&#8243; tab_id=\u00bb1689252081535-9&#8243;][vc_column_text]\n<h6 style=\"text-align: center;\">Solo uso externo. Uso cosm\u00e9tico. Uso profesional. No aplicar sobre zonas sensibilizadas. Mantener fuera del alcance de los ni\u00f1os.<\/h6>\n[\/vc_column_text][\/tab][tab icon_family=\u00bbnone\u00bb title=\u00bbIngredientes\u00bb id=\u00bb1689252081543-3&#8243; tab_id=\u00bb1689252081543-5&#8243;][vc_column_text]\n<h6 style=\"text-align: center;\">AQUA (WATER), ALCOHOL DENAT., GLYCOL, PROPYLENE GLYCOL, LAURETH-9, HAMAMELIS VIRGINIANA (WITCH HAZEL) WATER, MELALEUCA ALTERNIFOLIA (TEA TREE) LEAF OIL, POLYSORBATE 20, ETHOXYDIGLYCOL, LAURYL PCA, MENTHYL PCA, CARBOMER, TRIETHANOLAMINE, PHENOXYETHANOL, ETHYLHEXYLGLYCERIN, CI 42090 (BLUE 1).<\/h6>\n[\/vc_column_text][\/tab][\/tabbed_section][\/vc_column][\/vc_row]\n","protected":false},"excerpt":{"rendered":"<h6>El gel post-depilaci\u00f3n con \u00e1rbol de t\u00e9 tiene un efecto refrescante para calmar la piel despu\u00e9s de la depilaci\u00f3n. Adem\u00e1s, tambi\u00e9n ayuda a hidratar y suavizar la piel y a cerrar los poros dilatados por el calor.<\/h6>\n<hr \/>\n<h6>Botella: 200 ml, 500 ml<\/h6>\n<hr \/>\n<p>&nbsp;<\/p>\n","protected":false},"featured_media":1439,"template":"","meta":{"_acf_changed":false},"product_brand":[],"product_cat":[41,185],"product_tag":[],"class_list":{"0":"post-3226","1":"product","2":"type-product","3":"status-publish","4":"has-post-thumbnail","6":"product_cat-cosmeticos","7":"product_cat-post-depilacion","9":"first","10":"instock","11":"taxable","12":"shipping-taxable","13":"product-type-variable"},"acf":[],"_links":{"self":[{"href":"https:\/\/depileve.com\/es\/wp-json\/wp\/v2\/product\/3226","targetHints":{"allow":["GET"]}}],"collection":[{"href":"https:\/\/depileve.com\/es\/wp-json\/wp\/v2\/product"}],"about":[{"href":"https:\/\/depileve.com\/es\/wp-json\/wp\/v2\/types\/product"}],"wp:featuredmedia":[{"embeddable":true,"href":"https:\/\/depileve.com\/es\/wp-json\/wp\/v2\/media\/1439"}],"wp:attachment":[{"href":"https:\/\/depileve.com\/es\/wp-json\/wp\/v2\/media?parent=3226"}],"wp:term":[{"taxonomy":"product_brand","embeddable":true,"href":"https:\/\/depileve.com\/es\/wp-json\/wp\/v2\/product_brand?post=3226"},{"taxonomy":"product_cat","embeddable":true,"href":"https:\/\/depileve.com\/es\/wp-json\/wp\/v2\/product_cat?post=3226"},{"taxonomy":"product_tag","embeddable":true,"href":"https:\/\/depileve.com\/es\/wp-json\/wp\/v2\/product_tag?post=3226"}],"curies":[{"name":"wp","href":"https:\/\/api.w.org\/{rel}","templated":true}]}}