{"id":3224,"date":"2023-07-13T14:05:43","date_gmt":"2023-10-04T15:34:46","guid":{"rendered":"https:\/\/depileve.com\/product\/folisan\/"},"modified":"2025-04-09T14:14:53","modified_gmt":"2025-04-09T14:14:53","slug":"folisan","status":"publish","type":"product","link":"https:\/\/depileve.com\/es\/productos\/folisan\/","title":{"rendered":"Folisan"},"content":{"rendered":"[vc_row type=\u00bbin_container\u00bb full_screen_row_position=\u00bbmiddle\u00bb column_margin=\u00bbdefault\u00bb column_direction=\u00bbdefault\u00bb column_direction_tablet=\u00bbdefault\u00bb column_direction_phone=\u00bbdefault\u00bb scene_position=\u00bbcenter\u00bb text_color=\u00bbdark\u00bb text_align=\u00bbleft\u00bb row_border_radius=\u00bbnone\u00bb row_border_radius_applies=\u00bbbg\u00bb overflow=\u00bbvisible\u00bb overlay_strength=\u00bb0.3&#8243; gradient_direction=\u00bbleft_to_right\u00bb shape_divider_position=\u00bbbottom\u00bb bg_image_animation=\u00bbnone\u00bb][vc_column column_padding=\u00bbno-extra-padding\u00bb column_padding_tablet=\u00bbinherit\u00bb column_padding_phone=\u00bbinherit\u00bb column_padding_position=\u00bball\u00bb column_element_direction_desktop=\u00bbdefault\u00bb column_element_spacing=\u00bbdefault\u00bb desktop_text_alignment=\u00bbcenter\u00bb tablet_text_alignment=\u00bbdefault\u00bb phone_text_alignment=\u00bbdefault\u00bb background_color_opacity=\u00bb1&#8243; background_hover_color_opacity=\u00bb1&#8243; column_backdrop_filter=\u00bbnone\u00bb column_shadow=\u00bbnone\u00bb column_border_radius=\u00bbnone\u00bb column_link_target=\u00bb_self\u00bb column_position=\u00bbdefault\u00bb gradient_direction=\u00bbleft_to_right\u00bb overlay_strength=\u00bb0.3&#8243; width=\u00bb1\/1&#8243; tablet_width_inherit=\u00bbdefault\u00bb animation_type=\u00bbdefault\u00bb bg_image_animation=\u00bbnone\u00bb border_type=\u00bbsimple\u00bb column_border_width=\u00bbnone\u00bb column_border_style=\u00bbsolid\u00bb column_padding_type=\u00bbdefault\u00bb gradient_type=\u00bbdefault\u00bb][tabbed_section style=\u00bbmaterial\u00bb tab_change_animation=\u00bbfade\u00bb alignment=\u00bbcenter\u00bb spacing=\u00bbside-15px\u00bb tab_color=\u00bbAccent-Color\u00bb vs_content_animation=\u00bbfade\u00bb vs_link_animation=\u00bbopacity\u00bb vs_navigation_alignment=\u00bbleft\u00bb vs_navigation_width_2=\u00bb25%\u00bb vs_navigation_func=\u00bbdefault\u00bb vs_navigation_width=\u00bbregular\u00bb vs_navigation_spacing=\u00bb15px\u00bb vs_navigation_mobile_display=\u00bbvisible\u00bb vs_tab_spacing=\u00bb5%\u00bb icon_size=\u00bb24&#8243;][tab icon_family=\u00bbnone\u00bb title=\u00bbCosm\u00e9tico Para\u00bb id=\u00bb1713959638400-7&#8243; tab_id=\u00bb1713959638401-1&#8243;][vc_column_text]\n<h6 style=\"text-align: center;\">Previene y trata los vellos encarnados as\u00ed como la infecci\u00f3n e inflamaci\u00f3n de los fol\u00edculos como consecuencia de la depilaci\u00f3n ya sea por depilaci\u00f3n o afeitado.<\/h6>\n[\/vc_column_text][\/tab][tab icon_family=\u00bbnone\u00bb title=\u00bbHecho de\u00bb id=\u00bb1713959638428-4&#8243; tab_id=\u00bb1713959638429-7&#8243;][vc_column_text]\n<h6 style=\"text-align: center;\">Formulado con \u00e1cido salic\u00edlico.<\/h6>\n[\/vc_column_text][\/tab][tab icon_family=\u00bbnone\u00bb title=\u00bbC\u00f3mo Aplicar\u00bb id=\u00bb1713959638465-2&#8243; tab_id=\u00bb1713959638465-2&#8243;][vc_column_text]\n<h6 class=\"ewa-rteLine\" style=\"text-align: center;\">Aplique FOLISAN en un algod\u00f3n para \u00e1reas m\u00e1s peque\u00f1as y en las manos para aplicar en \u00e1reas m\u00e1s grandes. Aplicar diariamente en las zonas afectadas hasta observar mejor\u00eda. Para vellos encarnados problem\u00e1ticos: contin\u00fae el tratamiento durante aproximadamente diez d\u00edas despu\u00e9s de la depilaci\u00f3n o el afeitado.<\/h6>\n[\/vc_column_text][\/tab][tab icon_family=\u00bbnone\u00bb title=\u00bbAlmacenamiento\u00bb id=\u00bb1713959638496-9&#8243; tab_id=\u00bb1713959638497-7&#8243;][vc_column_text]\n<h6 style=\"text-align: center;\"><span style=\"color: #000000;\">Conservar en un lugar fresco y seco. Proteger del calor y de la luz solar directa.<\/span><\/h6>\n[\/vc_column_text][\/tab][tab icon_family=\u00bbnone\u00bb title=\u00bbAdvertencia\u00bb id=\u00bb1713959638513-3&#8243; tab_id=\u00bb1713959638513-7&#8243;][vc_column_text]\n<h6 style=\"text-align: center;\">S\u00f3lo para uso externo. Uso cosm\u00e9tico. Uso profesional. No aplicar en zonas sensibilizadas. Mantener fuera del alcance de los ni\u00f1os. No aplicar sobre mucosas.<\/h6>\n[\/vc_column_text][\/tab][tab icon_family=\u00bbnone\u00bb title=\u00bbIngredientes\u00bb id=\u00bb1713959638548-2&#8243; tab_id=\u00bb1713959638548-7&#8243;][vc_column_text]\n<h6 style=\"text-align: center;\">ALCOHOL ISOPROP\u00cdLICO, AGUA (AGUA), PROPILENGLICOL, GLICERINA, \u00c1CIDO SALIC\u00cdLICO.<\/h6>\n[\/vc_column_text][\/tab][tab icon_family=\u00bbnone\u00bb title=\u00bbInstrucciones de reciclaje\u00bb id=\u00bb1713959638577-7&#8243; tab_id=\u00bb1713959638578-4&#8243;][vc_column_text text_direction=\u00bbdefault\u00bb]\n<table class=\"table-recycle\">\n<tbody>\n<tr>\n<td class=\"title-recycle\" colspan=\"3\">IT<\/td>\n<\/tr>\n<tr>\n<td>CONTENITORE<\/td>\n<td>GL72<\/td>\n<td>VETRO<\/td>\n<\/tr>\n<tr>\n<td>TAPPO<\/td>\n<td>HDPE2<\/td>\n<td>PLASTICA<\/td>\n<\/tr>\n<tr>\n<td>ETICHETA<\/td>\n<td>PP5<\/td>\n<td>PLASTICA<\/td>\n<\/tr>\n<tr>\n<td colspan=\"3\">RACOLTA DIFFERENZIATA verifica le disposizioni del tuo Comune<\/td>\n<\/tr>\n<\/tbody>\n<\/table>\n[\/vc_column_text][\/tab][\/tabbed_section][\/vc_column][\/vc_row]\n","protected":false},"excerpt":{"rendered":"<h6>\u00bfBello dif\u00edcil de eliminar? \u00a1Folisan est\u00e1 aqu\u00ed para salvar el d\u00eda! Aprovechando los superpoderes del \u00e1cido salic\u00edlico, ese molesto tr\u00edo de encarnaciones, inflamaci\u00f3n e infecciones foliculares no tiene ninguna posibilidad. \u00a1Nuestro h\u00e9roe!<\/h6>\n<hr>\n<h6>Bote: 150 ml<\/h6>\n<hr>\n<p>&nbsp;<\/p>\n","protected":false},"featured_media":4463,"template":"","meta":{"_acf_changed":false},"product_brand":[],"product_cat":[41,49,215,179,189],"product_tag":[],"class_list":{"0":"post-3224","1":"product","2":"type-product","3":"status-publish","4":"has-post-thumbnail","6":"product_cat-cosmeticos","7":"product_cat-cosmeticos-venta-publico-es","8":"product_cat-cuidado-de-la-piel","9":"product_cat-en-casa","10":"product_cat-tratamientos","12":"first","13":"instock","14":"taxable","15":"shipping-taxable","16":"product-type-simple"},"acf":[],"_links":{"self":[{"href":"https:\/\/depileve.com\/es\/wp-json\/wp\/v2\/product\/3224","targetHints":{"allow":["GET"]}}],"collection":[{"href":"https:\/\/depileve.com\/es\/wp-json\/wp\/v2\/product"}],"about":[{"href":"https:\/\/depileve.com\/es\/wp-json\/wp\/v2\/types\/product"}],"wp:featuredmedia":[{"embeddable":true,"href":"https:\/\/depileve.com\/es\/wp-json\/wp\/v2\/media\/4463"}],"wp:attachment":[{"href":"https:\/\/depileve.com\/es\/wp-json\/wp\/v2\/media?parent=3224"}],"wp:term":[{"taxonomy":"product_brand","embeddable":true,"href":"https:\/\/depileve.com\/es\/wp-json\/wp\/v2\/product_brand?post=3224"},{"taxonomy":"product_cat","embeddable":true,"href":"https:\/\/depileve.com\/es\/wp-json\/wp\/v2\/product_cat?post=3224"},{"taxonomy":"product_tag","embeddable":true,"href":"https:\/\/depileve.com\/es\/wp-json\/wp\/v2\/product_tag?post=3224"}],"curies":[{"name":"wp","href":"https:\/\/api.w.org\/{rel}","templated":true}]}}