{"id":3219,"date":"2023-07-13T14:54:16","date_gmt":"2023-10-04T15:24:41","guid":{"rendered":"https:\/\/depileve.com\/product\/single-universal-wax-warmer\/"},"modified":"2025-02-12T11:28:12","modified_gmt":"2025-02-12T11:28:12","slug":"single-universal-wax-warmer","status":"publish","type":"product","link":"https:\/\/depileve.com\/es\/productos\/single-universal-wax-warmer\/","title":{"rendered":"Single universal wax warmer"},"content":{"rendered":"","protected":false},"excerpt":{"rendered":"<h6>Calentador de cartucho de 100 ml con cable de conexi\u00f3n directa. El tiempo de calentamiento r\u00e1pido significa que estar\u00e1 listo para usar en menos de 15 minutos. Una opci\u00f3n rentable, ideal para estudiantes y terapeutas m\u00f3viles.  <\/h6>\n","protected":false},"featured_media":1481,"template":"","meta":{"_acf_changed":false},"product_brand":[],"product_cat":[253,255],"product_tag":[],"class_list":{"0":"post-3219","1":"product","2":"type-product","3":"status-publish","4":"has-post-thumbnail","6":"product_cat-calentadores-de-cera-es","7":"product_cat-calentadores-roll-on","9":"first","10":"instock","11":"taxable","12":"shipping-taxable","13":"product-type-simple"},"acf":[],"_links":{"self":[{"href":"https:\/\/depileve.com\/es\/wp-json\/wp\/v2\/product\/3219","targetHints":{"allow":["GET"]}}],"collection":[{"href":"https:\/\/depileve.com\/es\/wp-json\/wp\/v2\/product"}],"about":[{"href":"https:\/\/depileve.com\/es\/wp-json\/wp\/v2\/types\/product"}],"wp:featuredmedia":[{"embeddable":true,"href":"https:\/\/depileve.com\/es\/wp-json\/wp\/v2\/media\/1481"}],"wp:attachment":[{"href":"https:\/\/depileve.com\/es\/wp-json\/wp\/v2\/media?parent=3219"}],"wp:term":[{"taxonomy":"product_brand","embeddable":true,"href":"https:\/\/depileve.com\/es\/wp-json\/wp\/v2\/product_brand?post=3219"},{"taxonomy":"product_cat","embeddable":true,"href":"https:\/\/depileve.com\/es\/wp-json\/wp\/v2\/product_cat?post=3219"},{"taxonomy":"product_tag","embeddable":true,"href":"https:\/\/depileve.com\/es\/wp-json\/wp\/v2\/product_tag?post=3219"}],"curies":[{"name":"wp","href":"https:\/\/api.w.org\/{rel}","templated":true}]}}