{"id":3218,"date":"2023-07-13T14:58:23","date_gmt":"2023-10-04T15:24:10","guid":{"rendered":"https:\/\/depileve.com\/product\/single-universal-wax-warmer-with-base\/"},"modified":"2023-10-25T07:30:22","modified_gmt":"2023-10-25T07:30:22","slug":"single-universal-wax-warmer-with-base","status":"publish","type":"product","link":"https:\/\/depileve.com\/es\/productos\/single-universal-wax-warmer-with-base\/","title":{"rendered":"Single universal wax warmer with base"},"content":{"rendered":"","protected":false},"excerpt":{"rendered":"<h6>Calentador de cartuchos de 100 ml con base desmontable y antideslizante e interruptor de encendido\/apagado independiente. Se adapta a la mayor\u00eda de los cartuchos de rodillo de 100 ml del mercado. El soporte del cartucho est\u00e1 aislado para proteger sus manos y mantener la cera caliente cuando se desconecta de la unidad base. El dise\u00f1o patentado permite unir varias unidades usando un solo enchufe el\u00e9ctrico.<\/h6>\n","protected":false},"featured_media":1485,"template":"","meta":{"_acf_changed":false},"product_brand":[],"product_cat":[253,255],"product_tag":[],"class_list":{"0":"post-3218","1":"product","2":"type-product","3":"status-publish","4":"has-post-thumbnail","6":"product_cat-calentadores-de-cera-es","7":"product_cat-calentadores-roll-on","9":"first","10":"instock","11":"taxable","12":"shipping-taxable","13":"product-type-simple"},"acf":[],"_links":{"self":[{"href":"https:\/\/depileve.com\/es\/wp-json\/wp\/v2\/product\/3218","targetHints":{"allow":["GET"]}}],"collection":[{"href":"https:\/\/depileve.com\/es\/wp-json\/wp\/v2\/product"}],"about":[{"href":"https:\/\/depileve.com\/es\/wp-json\/wp\/v2\/types\/product"}],"wp:featuredmedia":[{"embeddable":true,"href":"https:\/\/depileve.com\/es\/wp-json\/wp\/v2\/media\/1485"}],"wp:attachment":[{"href":"https:\/\/depileve.com\/es\/wp-json\/wp\/v2\/media?parent=3218"}],"wp:term":[{"taxonomy":"product_brand","embeddable":true,"href":"https:\/\/depileve.com\/es\/wp-json\/wp\/v2\/product_brand?post=3218"},{"taxonomy":"product_cat","embeddable":true,"href":"https:\/\/depileve.com\/es\/wp-json\/wp\/v2\/product_cat?post=3218"},{"taxonomy":"product_tag","embeddable":true,"href":"https:\/\/depileve.com\/es\/wp-json\/wp\/v2\/product_tag?post=3218"}],"curies":[{"name":"wp","href":"https:\/\/api.w.org\/{rel}","templated":true}]}}