{"id":3217,"date":"2023-07-13T15:00:31","date_gmt":"2023-10-04T15:23:44","guid":{"rendered":"https:\/\/depileve.com\/product\/duo-universal-cartridge-warmer\/"},"modified":"2023-10-25T07:32:28","modified_gmt":"2023-10-25T07:32:28","slug":"duo-universal-cartridge-warmer","status":"publish","type":"product","link":"https:\/\/depileve.com\/es\/productos\/duo-universal-cartridge-warmer\/","title":{"rendered":"Duo universal cartridge warmer"},"content":{"rendered":"","protected":false},"excerpt":{"rendered":"<h6>Duplica el calentador para disfrutar el doble de diversi\u00f3n. Cuenta con 2 soportes de cartuchos aislados en una unidad base antideslizante que ahorra espacio. Se adapta a la mayor\u00eda de los carros con ruedas de 100 ml y ofrece un calentamiento r\u00e1pido y autom\u00e1tico hasta la temperatura de trabajo perfecta. Para salones concurridos, el dise\u00f1o patentado permite conectar hasta 4 unidades entre s\u00ed mediante un solo enchufe el\u00e9ctrico.<\/h6>\n","protected":false},"featured_media":1489,"template":"","meta":{"_acf_changed":false},"product_brand":[],"product_cat":[253,255],"product_tag":[],"class_list":{"0":"post-3217","1":"product","2":"type-product","3":"status-publish","4":"has-post-thumbnail","6":"product_cat-calentadores-de-cera-es","7":"product_cat-calentadores-roll-on","9":"first","10":"instock","11":"taxable","12":"shipping-taxable","13":"product-type-simple"},"acf":[],"_links":{"self":[{"href":"https:\/\/depileve.com\/es\/wp-json\/wp\/v2\/product\/3217","targetHints":{"allow":["GET"]}}],"collection":[{"href":"https:\/\/depileve.com\/es\/wp-json\/wp\/v2\/product"}],"about":[{"href":"https:\/\/depileve.com\/es\/wp-json\/wp\/v2\/types\/product"}],"wp:featuredmedia":[{"embeddable":true,"href":"https:\/\/depileve.com\/es\/wp-json\/wp\/v2\/media\/1489"}],"wp:attachment":[{"href":"https:\/\/depileve.com\/es\/wp-json\/wp\/v2\/media?parent=3217"}],"wp:term":[{"taxonomy":"product_brand","embeddable":true,"href":"https:\/\/depileve.com\/es\/wp-json\/wp\/v2\/product_brand?post=3217"},{"taxonomy":"product_cat","embeddable":true,"href":"https:\/\/depileve.com\/es\/wp-json\/wp\/v2\/product_cat?post=3217"},{"taxonomy":"product_tag","embeddable":true,"href":"https:\/\/depileve.com\/es\/wp-json\/wp\/v2\/product_tag?post=3217"}],"curies":[{"name":"wp","href":"https:\/\/api.w.org\/{rel}","templated":true}]}}