{"id":3212,"date":"2023-07-13T15:31:40","date_gmt":"2023-10-04T15:20:52","guid":{"rendered":"https:\/\/depileve.com\/product\/wax-can-holder\/"},"modified":"2023-10-25T07:37:11","modified_gmt":"2023-10-25T07:37:11","slug":"wax-can-holder","status":"publish","type":"product","link":"https:\/\/depileve.com\/es\/productos\/wax-can-holder\/","title":{"rendered":"Wax-Can holder"},"content":{"rendered":"","protected":false},"excerpt":{"rendered":"<h6>El modelo &#8216;asistente de sal\u00f3n&#8217;. Cuando llega el momento de reemplazar su lata de cera, el dise\u00f1o inteligente de nuestro soporte de acero inoxidable le permite verter y cambiar de una lata a otra sin quemarse las manos, adem\u00e1s de ofrecer un pr\u00e1ctico soporte y una barra de limpieza para su esp\u00e1tula. Ahora disponible en un tama\u00f1o actualizado para las latas Easy-Open remodeladas.<\/h6>\n","protected":false},"featured_media":1518,"template":"","meta":{"_acf_changed":false},"product_brand":[],"product_cat":[257,253],"product_tag":[],"class_list":{"0":"post-3212","1":"product","2":"type-product","3":"status-publish","4":"has-post-thumbnail","6":"product_cat-accesorios-calentadores","7":"product_cat-calentadores-de-cera-es","9":"first","10":"instock","11":"taxable","12":"shipping-taxable","13":"product-type-simple"},"acf":[],"_links":{"self":[{"href":"https:\/\/depileve.com\/es\/wp-json\/wp\/v2\/product\/3212","targetHints":{"allow":["GET"]}}],"collection":[{"href":"https:\/\/depileve.com\/es\/wp-json\/wp\/v2\/product"}],"about":[{"href":"https:\/\/depileve.com\/es\/wp-json\/wp\/v2\/types\/product"}],"wp:featuredmedia":[{"embeddable":true,"href":"https:\/\/depileve.com\/es\/wp-json\/wp\/v2\/media\/1518"}],"wp:attachment":[{"href":"https:\/\/depileve.com\/es\/wp-json\/wp\/v2\/media?parent=3212"}],"wp:term":[{"taxonomy":"product_brand","embeddable":true,"href":"https:\/\/depileve.com\/es\/wp-json\/wp\/v2\/product_brand?post=3212"},{"taxonomy":"product_cat","embeddable":true,"href":"https:\/\/depileve.com\/es\/wp-json\/wp\/v2\/product_cat?post=3212"},{"taxonomy":"product_tag","embeddable":true,"href":"https:\/\/depileve.com\/es\/wp-json\/wp\/v2\/product_tag?post=3212"}],"curies":[{"name":"wp","href":"https:\/\/api.w.org\/{rel}","templated":true}]}}