{"id":3209,"date":"2023-07-13T15:47:36","date_gmt":"2023-10-04T15:18:57","guid":{"rendered":"https:\/\/depileve.com\/product\/depileve-body-strips\/"},"modified":"2023-10-25T07:39:51","modified_gmt":"2023-10-25T07:39:51","slug":"depileve-body-strips","status":"publish","type":"product","link":"https:\/\/depileve.com\/es\/productos\/depileve-body-strips\/","title":{"rendered":"Depil\u00e8ve body strips"},"content":{"rendered":"","protected":false},"excerpt":{"rendered":"<h6>Tiras de primera calidad, no tejidas, que se adhieren perfectamente a la cera con una saturaci\u00f3n m\u00ednima del producto, para una eliminaci\u00f3n impecable. 20x7cm. Paquete de 100.<\/h6>\n","protected":false},"featured_media":1532,"template":"","meta":{"_acf_changed":false},"product_brand":[],"product_cat":[57,245],"product_tag":[],"class_list":{"0":"post-3209","1":"product","2":"type-product","3":"status-publish","4":"has-post-thumbnail","6":"product_cat-accesorios-de-depilacion","7":"product_cat-tiras","9":"first","10":"instock","11":"taxable","12":"shipping-taxable","13":"product-type-simple"},"acf":[],"_links":{"self":[{"href":"https:\/\/depileve.com\/es\/wp-json\/wp\/v2\/product\/3209","targetHints":{"allow":["GET"]}}],"collection":[{"href":"https:\/\/depileve.com\/es\/wp-json\/wp\/v2\/product"}],"about":[{"href":"https:\/\/depileve.com\/es\/wp-json\/wp\/v2\/types\/product"}],"wp:featuredmedia":[{"embeddable":true,"href":"https:\/\/depileve.com\/es\/wp-json\/wp\/v2\/media\/1532"}],"wp:attachment":[{"href":"https:\/\/depileve.com\/es\/wp-json\/wp\/v2\/media?parent=3209"}],"wp:term":[{"taxonomy":"product_brand","embeddable":true,"href":"https:\/\/depileve.com\/es\/wp-json\/wp\/v2\/product_brand?post=3209"},{"taxonomy":"product_cat","embeddable":true,"href":"https:\/\/depileve.com\/es\/wp-json\/wp\/v2\/product_cat?post=3209"},{"taxonomy":"product_tag","embeddable":true,"href":"https:\/\/depileve.com\/es\/wp-json\/wp\/v2\/product_tag?post=3209"}],"curies":[{"name":"wp","href":"https:\/\/api.w.org\/{rel}","templated":true}]}}