{"id":3205,"date":"2023-07-13T16:07:53","date_gmt":"2023-10-04T15:16:03","guid":{"rendered":"https:\/\/depileve.com\/product\/xxl-espatulas\/"},"modified":"2023-10-25T07:46:19","modified_gmt":"2023-10-25T07:46:19","slug":"xxl-espatulas","status":"publish","type":"product","link":"https:\/\/depileve.com\/es\/productos\/xxl-espatulas\/","title":{"rendered":"XXL Espatulas"},"content":{"rendered":"","protected":false},"excerpt":{"rendered":"<h6>Cuando el tama\u00f1o importa, estos grandes hacen que la depilaci\u00f3n con cera sea muy sencilla. Fabricado con madera de abedul flexible y resistente, para una aplicaci\u00f3n s\u00faper r\u00e1pida en \u00e1reas m\u00e1s grandes y menos hundimientos en la maceta. 20 x 2,5 cm. Paquete de 50.<\/h6>\n","protected":false},"featured_media":1549,"template":"","meta":{"_acf_changed":false},"product_brand":[],"product_cat":[57,243],"product_tag":[],"class_list":{"0":"post-3205","1":"product","2":"type-product","3":"status-publish","4":"has-post-thumbnail","6":"product_cat-accesorios-de-depilacion","7":"product_cat-espatulas","9":"first","10":"instock","11":"taxable","12":"shipping-taxable","13":"product-type-simple"},"acf":[],"_links":{"self":[{"href":"https:\/\/depileve.com\/es\/wp-json\/wp\/v2\/product\/3205","targetHints":{"allow":["GET"]}}],"collection":[{"href":"https:\/\/depileve.com\/es\/wp-json\/wp\/v2\/product"}],"about":[{"href":"https:\/\/depileve.com\/es\/wp-json\/wp\/v2\/types\/product"}],"wp:featuredmedia":[{"embeddable":true,"href":"https:\/\/depileve.com\/es\/wp-json\/wp\/v2\/media\/1549"}],"wp:attachment":[{"href":"https:\/\/depileve.com\/es\/wp-json\/wp\/v2\/media?parent=3205"}],"wp:term":[{"taxonomy":"product_brand","embeddable":true,"href":"https:\/\/depileve.com\/es\/wp-json\/wp\/v2\/product_brand?post=3205"},{"taxonomy":"product_cat","embeddable":true,"href":"https:\/\/depileve.com\/es\/wp-json\/wp\/v2\/product_cat?post=3205"},{"taxonomy":"product_tag","embeddable":true,"href":"https:\/\/depileve.com\/es\/wp-json\/wp\/v2\/product_tag?post=3205"}],"curies":[{"name":"wp","href":"https:\/\/api.w.org\/{rel}","templated":true}]}}