{"id":3202,"date":"2023-07-13T16:24:57","date_gmt":"2023-10-04T15:13:41","guid":{"rendered":"https:\/\/depileve.com\/product\/precision-applicators\/"},"modified":"2023-10-25T07:52:34","modified_gmt":"2023-10-25T07:52:34","slug":"precision-applicators","status":"publish","type":"product","link":"https:\/\/depileve.com\/es\/productos\/precision-applicators\/","title":{"rendered":"Precision applicators"},"content":{"rendered":"","protected":false},"excerpt":{"rendered":"<h6>Ingeniosas esp\u00e1tulas faciales de doble cara. Con un borde redondeado tradicional en un extremo y una punta inclinada en el otro, para una aplicaci\u00f3n meticulosa de cera y esculpido detallado de cejas, labios superiores y otras \u00e1reas peque\u00f1as. 10,6 x 1 cm. Paquete de 100.<\/h6>\n","protected":false},"featured_media":1564,"template":"","meta":{"_acf_changed":false},"product_brand":[],"product_cat":[57,243],"product_tag":[],"class_list":{"0":"post-3202","1":"product","2":"type-product","3":"status-publish","4":"has-post-thumbnail","6":"product_cat-accesorios-de-depilacion","7":"product_cat-espatulas","9":"first","10":"instock","11":"taxable","12":"shipping-taxable","13":"product-type-simple"},"acf":[],"_links":{"self":[{"href":"https:\/\/depileve.com\/es\/wp-json\/wp\/v2\/product\/3202","targetHints":{"allow":["GET"]}}],"collection":[{"href":"https:\/\/depileve.com\/es\/wp-json\/wp\/v2\/product"}],"about":[{"href":"https:\/\/depileve.com\/es\/wp-json\/wp\/v2\/types\/product"}],"wp:featuredmedia":[{"embeddable":true,"href":"https:\/\/depileve.com\/es\/wp-json\/wp\/v2\/media\/1564"}],"wp:attachment":[{"href":"https:\/\/depileve.com\/es\/wp-json\/wp\/v2\/media?parent=3202"}],"wp:term":[{"taxonomy":"product_brand","embeddable":true,"href":"https:\/\/depileve.com\/es\/wp-json\/wp\/v2\/product_brand?post=3202"},{"taxonomy":"product_cat","embeddable":true,"href":"https:\/\/depileve.com\/es\/wp-json\/wp\/v2\/product_cat?post=3202"},{"taxonomy":"product_tag","embeddable":true,"href":"https:\/\/depileve.com\/es\/wp-json\/wp\/v2\/product_tag?post=3202"}],"curies":[{"name":"wp","href":"https:\/\/api.w.org\/{rel}","templated":true}]}}