{"id":3198,"date":"2023-07-14T07:29:37","date_gmt":"2023-10-04T15:10:38","guid":{"rendered":"https:\/\/depileve.com\/product\/white-pencil-template-liner\/"},"modified":"2023-10-24T14:19:17","modified_gmt":"2023-10-24T14:19:17","slug":"white-pencil-template-liner","status":"publish","type":"product","link":"https:\/\/depileve.com\/es\/productos\/white-pencil-template-liner\/","title":{"rendered":"White pencil template liner"},"content":{"rendered":"","protected":false},"excerpt":{"rendered":"<h6>L\u00e1piz de maquillaje suave y blanco con un pr\u00e1ctico sacapuntas integrado en la funda. Para usar al peinar las cejas y delinear formas \u00edntimas con plantillas.<\/h6>\n","protected":false},"featured_media":1582,"template":"","meta":{"_acf_changed":false},"product_brand":[],"product_cat":[57,319],"product_tag":[],"class_list":{"0":"post-3198","1":"product","2":"type-product","3":"status-publish","4":"has-post-thumbnail","6":"product_cat-accesorios-de-depilacion","7":"product_cat-pinzas-plantillas-carrito","9":"first","10":"instock","11":"taxable","12":"shipping-taxable","13":"product-type-simple"},"acf":[],"_links":{"self":[{"href":"https:\/\/depileve.com\/es\/wp-json\/wp\/v2\/product\/3198","targetHints":{"allow":["GET"]}}],"collection":[{"href":"https:\/\/depileve.com\/es\/wp-json\/wp\/v2\/product"}],"about":[{"href":"https:\/\/depileve.com\/es\/wp-json\/wp\/v2\/types\/product"}],"wp:featuredmedia":[{"embeddable":true,"href":"https:\/\/depileve.com\/es\/wp-json\/wp\/v2\/media\/1582"}],"wp:attachment":[{"href":"https:\/\/depileve.com\/es\/wp-json\/wp\/v2\/media?parent=3198"}],"wp:term":[{"taxonomy":"product_brand","embeddable":true,"href":"https:\/\/depileve.com\/es\/wp-json\/wp\/v2\/product_brand?post=3198"},{"taxonomy":"product_cat","embeddable":true,"href":"https:\/\/depileve.com\/es\/wp-json\/wp\/v2\/product_cat?post=3198"},{"taxonomy":"product_tag","embeddable":true,"href":"https:\/\/depileve.com\/es\/wp-json\/wp\/v2\/product_tag?post=3198"}],"curies":[{"name":"wp","href":"https:\/\/api.w.org\/{rel}","templated":true}]}}