{"id":3196,"date":"2023-10-04T15:09:26","date_gmt":"2023-10-04T15:09:26","guid":{"rendered":"https:\/\/depileve.com\/product\/depileve-work-trolley\/"},"modified":"2023-10-04T15:09:26","modified_gmt":"2023-10-04T15:09:26","slug":"depileve-work-trolley","status":"publish","type":"product","link":"https:\/\/depileve.com\/es\/productos\/depileve-work-trolley\/","title":{"rendered":"Depil\u00e8ve work trolley"},"content":{"rendered":"","protected":false},"excerpt":{"rendered":"<h6>Cons\u00edguete un nuevo juego de ruedas. Nuestra estaci\u00f3n de trabajo port\u00e1til tiene 3 cajones con amplia capacidad que se pueden dividir en compartimentos separados, creando una soluci\u00f3n de almacenamiento personalizada. 6 estantes externos de altura ajustable brindan espacio adicional y f\u00e1cil acceso a sus productos m\u00e1s utilizados, mientras que el contenedor incorporado ofrece un recept\u00e1culo higi\u00e9nico para los desechos de cera. 38 x 38 x 93 cm.<\/h6>\n","protected":false},"featured_media":1593,"template":"","meta":{"_acf_changed":false},"product_brand":[],"product_cat":[57,319],"product_tag":[],"class_list":{"0":"post-3196","1":"product","2":"type-product","3":"status-publish","4":"has-post-thumbnail","6":"product_cat-accesorios-de-depilacion","7":"product_cat-pinzas-plantillas-carrito","9":"first","10":"instock","11":"taxable","12":"shipping-taxable","13":"product-type-simple"},"acf":[],"_links":{"self":[{"href":"https:\/\/depileve.com\/es\/wp-json\/wp\/v2\/product\/3196","targetHints":{"allow":["GET"]}}],"collection":[{"href":"https:\/\/depileve.com\/es\/wp-json\/wp\/v2\/product"}],"about":[{"href":"https:\/\/depileve.com\/es\/wp-json\/wp\/v2\/types\/product"}],"wp:featuredmedia":[{"embeddable":true,"href":"https:\/\/depileve.com\/es\/wp-json\/wp\/v2\/media\/1593"}],"wp:attachment":[{"href":"https:\/\/depileve.com\/es\/wp-json\/wp\/v2\/media?parent=3196"}],"wp:term":[{"taxonomy":"product_brand","embeddable":true,"href":"https:\/\/depileve.com\/es\/wp-json\/wp\/v2\/product_brand?post=3196"},{"taxonomy":"product_cat","embeddable":true,"href":"https:\/\/depileve.com\/es\/wp-json\/wp\/v2\/product_cat?post=3196"},{"taxonomy":"product_tag","embeddable":true,"href":"https:\/\/depileve.com\/es\/wp-json\/wp\/v2\/product_tag?post=3196"}],"curies":[{"name":"wp","href":"https:\/\/api.w.org\/{rel}","templated":true}]}}