{"id":3191,"date":"2023-07-14T08:49:33","date_gmt":"2023-10-04T15:07:06","guid":{"rendered":"https:\/\/depileve.com\/product\/deep-moisturizing-peach-paraffin\/"},"modified":"2023-10-04T15:07:06","modified_gmt":"2023-10-04T15:07:06","slug":"deep-moisturizing-peach-paraffin","status":"publish","type":"product","link":"https:\/\/depileve.com\/es\/productos\/deep-moisturizing-peach-paraffin\/","title":{"rendered":"Deep moisturizing peach paraffin"},"content":{"rendered":"","protected":false},"excerpt":{"rendered":"<h6>Te encantar\u00e1 esta f\u00f3rmula de parafina intensamente hidratante. Infundido con aceites de aguacate y mono\u00ef ricos en vitaminas, adem\u00e1s del delicioso aroma de melocotones maduros.<\/h6>\n<p><hora\/><\/p>\n<h6>Caja : 2,7 K (libras)<\/h6>\n<p><hora\/><\/p>\n<p>&nbsp;<\/p>\n","protected":false},"featured_media":4395,"template":"","meta":{"_acf_changed":false},"product_brand":[],"product_cat":[47,201],"product_tag":[],"class_list":{"0":"post-3191","1":"product","2":"type-product","3":"status-publish","4":"has-post-thumbnail","6":"product_cat-parafina-linea","7":"product_cat-parafina-es","9":"first","10":"instock","11":"taxable","12":"shipping-taxable","13":"product-type-simple"},"acf":[],"_links":{"self":[{"href":"https:\/\/depileve.com\/es\/wp-json\/wp\/v2\/product\/3191","targetHints":{"allow":["GET"]}}],"collection":[{"href":"https:\/\/depileve.com\/es\/wp-json\/wp\/v2\/product"}],"about":[{"href":"https:\/\/depileve.com\/es\/wp-json\/wp\/v2\/types\/product"}],"wp:featuredmedia":[{"embeddable":true,"href":"https:\/\/depileve.com\/es\/wp-json\/wp\/v2\/media\/4395"}],"wp:attachment":[{"href":"https:\/\/depileve.com\/es\/wp-json\/wp\/v2\/media?parent=3191"}],"wp:term":[{"taxonomy":"product_brand","embeddable":true,"href":"https:\/\/depileve.com\/es\/wp-json\/wp\/v2\/product_brand?post=3191"},{"taxonomy":"product_cat","embeddable":true,"href":"https:\/\/depileve.com\/es\/wp-json\/wp\/v2\/product_cat?post=3191"},{"taxonomy":"product_tag","embeddable":true,"href":"https:\/\/depileve.com\/es\/wp-json\/wp\/v2\/product_tag?post=3191"}],"curies":[{"name":"wp","href":"https:\/\/api.w.org\/{rel}","templated":true}]}}