{"id":3189,"date":"2023-07-14T09:08:13","date_gmt":"2023-10-04T15:04:27","guid":{"rendered":"https:\/\/depileve.com\/product\/soft-bright-paraffin\/"},"modified":"2023-10-04T15:04:27","modified_gmt":"2023-10-04T15:04:27","slug":"soft-bright-paraffin","status":"publish","type":"product","link":"https:\/\/depileve.com\/es\/productos\/soft-bright-paraffin\/","title":{"rendered":"Soft &#038; bright paraffin"},"content":{"rendered":"","protected":false},"excerpt":{"rendered":"<h6>La hidrataci\u00f3n profunda y el aumento de la luminosidad se combinan en un \u00fanico producto multiactivo. La parafina de grado medicinal de Depil\u00e8ve se combina aqu\u00ed con dos ingredientes despigmentantes, alfa arbutina y mora blanca, para una piel m\u00e1s suave y un tono notablemente m\u00e1s uniforme.<\/h6>\n<hr\/>\n<h6>Caja: 2,7 k (6 lbs.)<\/h6>\n<hr\/>\n<p>&nbsp;<\/p>\n","protected":false},"featured_media":1625,"template":"","meta":{"_acf_changed":false},"product_brand":[],"product_cat":[47,201],"product_tag":[],"class_list":{"0":"post-3189","1":"product","2":"type-product","3":"status-publish","4":"has-post-thumbnail","6":"product_cat-parafina-linea","7":"product_cat-parafina-es","9":"first","10":"instock","11":"taxable","12":"shipping-taxable","13":"product-type-simple"},"acf":[],"_links":{"self":[{"href":"https:\/\/depileve.com\/es\/wp-json\/wp\/v2\/product\/3189","targetHints":{"allow":["GET"]}}],"collection":[{"href":"https:\/\/depileve.com\/es\/wp-json\/wp\/v2\/product"}],"about":[{"href":"https:\/\/depileve.com\/es\/wp-json\/wp\/v2\/types\/product"}],"wp:featuredmedia":[{"embeddable":true,"href":"https:\/\/depileve.com\/es\/wp-json\/wp\/v2\/media\/1625"}],"wp:attachment":[{"href":"https:\/\/depileve.com\/es\/wp-json\/wp\/v2\/media?parent=3189"}],"wp:term":[{"taxonomy":"product_brand","embeddable":true,"href":"https:\/\/depileve.com\/es\/wp-json\/wp\/v2\/product_brand?post=3189"},{"taxonomy":"product_cat","embeddable":true,"href":"https:\/\/depileve.com\/es\/wp-json\/wp\/v2\/product_cat?post=3189"},{"taxonomy":"product_tag","embeddable":true,"href":"https:\/\/depileve.com\/es\/wp-json\/wp\/v2\/product_tag?post=3189"}],"curies":[{"name":"wp","href":"https:\/\/api.w.org\/{rel}","templated":true}]}}