{"id":3185,"date":"2023-07-14T09:31:39","date_gmt":"2023-10-04T15:01:23","guid":{"rendered":"https:\/\/depileve.com\/product\/dermopeel\/"},"modified":"2023-10-04T15:01:23","modified_gmt":"2023-10-04T15:01:23","slug":"dermopeel","status":"publish","type":"product","link":"https:\/\/depileve.com\/es\/productos\/dermopeel\/","title":{"rendered":"Dermopeel"},"content":{"rendered":"","protected":false},"excerpt":{"rendered":"<h6>Frota todo el d\u00eda con este gel-crema exfoliante. Las esferas de jojoba preparan la piel para una absorci\u00f3n \u00f3ptima de los ingredientes y una mayor hidrataci\u00f3n.<\/h6>\n<hr\/>\n<h6>Botella : 220 ml<\/h6>\n<hr\/>\n<p>&nbsp;<\/p>\n<p>&nbsp;<\/p>\n","protected":false},"featured_media":4036,"template":"","meta":{"_acf_changed":false},"product_brand":[],"product_cat":[47,205],"product_tag":[],"class_list":{"0":"post-3185","1":"product","2":"type-product","3":"status-publish","4":"has-post-thumbnail","6":"product_cat-parafina-linea","7":"product_cat-parafina-cuidado-de-piel","9":"first","10":"instock","11":"taxable","12":"shipping-taxable","13":"product-type-simple"},"acf":[],"_links":{"self":[{"href":"https:\/\/depileve.com\/es\/wp-json\/wp\/v2\/product\/3185","targetHints":{"allow":["GET"]}}],"collection":[{"href":"https:\/\/depileve.com\/es\/wp-json\/wp\/v2\/product"}],"about":[{"href":"https:\/\/depileve.com\/es\/wp-json\/wp\/v2\/types\/product"}],"wp:featuredmedia":[{"embeddable":true,"href":"https:\/\/depileve.com\/es\/wp-json\/wp\/v2\/media\/4036"}],"wp:attachment":[{"href":"https:\/\/depileve.com\/es\/wp-json\/wp\/v2\/media?parent=3185"}],"wp:term":[{"taxonomy":"product_brand","embeddable":true,"href":"https:\/\/depileve.com\/es\/wp-json\/wp\/v2\/product_brand?post=3185"},{"taxonomy":"product_cat","embeddable":true,"href":"https:\/\/depileve.com\/es\/wp-json\/wp\/v2\/product_cat?post=3185"},{"taxonomy":"product_tag","embeddable":true,"href":"https:\/\/depileve.com\/es\/wp-json\/wp\/v2\/product_tag?post=3185"}],"curies":[{"name":"wp","href":"https:\/\/api.w.org\/{rel}","templated":true}]}}