{"id":3182,"date":"2023-07-14T09:51:56","date_gmt":"2023-10-04T14:58:35","guid":{"rendered":"https:\/\/depileve.com\/product\/facial-paraffin-warmer\/"},"modified":"2023-10-04T14:58:35","modified_gmt":"2023-10-04T14:58:35","slug":"facial-paraffin-warmer","status":"publish","type":"product","link":"https:\/\/depileve.com\/es\/productos\/facial-paraffin-warmer\/","title":{"rendered":"Facial paraffin warmer"},"content":{"rendered":"","protected":false},"excerpt":{"rendered":"<h6>Calentador profesional de temperatura regulable espec\u00edfico para tratamientos faciales con parafina. El corte de seguridad evita el sobrecalentamiento y la tapa de pl\u00e1stico resistente a grietas garantiza que su equipo tendr\u00e1 un buen aspecto durante muchos a\u00f1os.<\/h6>\n","protected":false},"featured_media":1656,"template":"","meta":{"_acf_changed":false},"product_brand":[],"product_cat":[253,207],"product_tag":[],"class_list":{"0":"post-3182","1":"product","2":"type-product","3":"status-publish","4":"has-post-thumbnail","6":"product_cat-calentadores-de-cera-es","7":"product_cat-parafina-calentadores","9":"first","10":"instock","11":"taxable","12":"shipping-taxable","13":"product-type-simple"},"acf":[],"_links":{"self":[{"href":"https:\/\/depileve.com\/es\/wp-json\/wp\/v2\/product\/3182","targetHints":{"allow":["GET"]}}],"collection":[{"href":"https:\/\/depileve.com\/es\/wp-json\/wp\/v2\/product"}],"about":[{"href":"https:\/\/depileve.com\/es\/wp-json\/wp\/v2\/types\/product"}],"wp:featuredmedia":[{"embeddable":true,"href":"https:\/\/depileve.com\/es\/wp-json\/wp\/v2\/media\/1656"}],"wp:attachment":[{"href":"https:\/\/depileve.com\/es\/wp-json\/wp\/v2\/media?parent=3182"}],"wp:term":[{"taxonomy":"product_brand","embeddable":true,"href":"https:\/\/depileve.com\/es\/wp-json\/wp\/v2\/product_brand?post=3182"},{"taxonomy":"product_cat","embeddable":true,"href":"https:\/\/depileve.com\/es\/wp-json\/wp\/v2\/product_cat?post=3182"},{"taxonomy":"product_tag","embeddable":true,"href":"https:\/\/depileve.com\/es\/wp-json\/wp\/v2\/product_tag?post=3182"}],"curies":[{"name":"wp","href":"https:\/\/api.w.org\/{rel}","templated":true}]}}