{"id":3175,"date":"2023-10-04T14:50:05","date_gmt":"2023-10-04T14:50:05","guid":{"rendered":"https:\/\/depileve.com\/product\/disposable-liners\/"},"modified":"2023-10-04T14:50:05","modified_gmt":"2023-10-04T14:50:05","slug":"disposable-liners","status":"publish","type":"product","link":"https:\/\/depileve.com\/es\/productos\/disposable-liners\/","title":{"rendered":"Disposable Liners"},"content":{"rendered":"","protected":false},"excerpt":{"rendered":"<h6>No m\u00e1s desorden gracias a estos revestimientos de un solo uso. Simplemente desl\u00edzalo sobre las manos y los pies despu\u00e9s de aplicar parafina y mant\u00e9n tus manoplas y botines limpios por m\u00e1s tiempo. Tambi\u00e9n permite una f\u00e1cil eliminaci\u00f3n de la parafina usada al final de cada tratamiento. Paquete de 100.<\/h6>\n","protected":false},"featured_media":1687,"template":"","meta":{"_acf_changed":false},"product_brand":[],"product_cat":[203,47],"product_tag":[],"class_list":{"0":"post-3175","1":"product","2":"type-product","3":"status-publish","4":"has-post-thumbnail","6":"product_cat-accesorios-de-parafina","7":"product_cat-parafina-linea","9":"first","10":"instock","11":"taxable","12":"shipping-taxable","13":"product-type-simple"},"acf":[],"_links":{"self":[{"href":"https:\/\/depileve.com\/es\/wp-json\/wp\/v2\/product\/3175","targetHints":{"allow":["GET"]}}],"collection":[{"href":"https:\/\/depileve.com\/es\/wp-json\/wp\/v2\/product"}],"about":[{"href":"https:\/\/depileve.com\/es\/wp-json\/wp\/v2\/types\/product"}],"wp:featuredmedia":[{"embeddable":true,"href":"https:\/\/depileve.com\/es\/wp-json\/wp\/v2\/media\/1687"}],"wp:attachment":[{"href":"https:\/\/depileve.com\/es\/wp-json\/wp\/v2\/media?parent=3175"}],"wp:term":[{"taxonomy":"product_brand","embeddable":true,"href":"https:\/\/depileve.com\/es\/wp-json\/wp\/v2\/product_brand?post=3175"},{"taxonomy":"product_cat","embeddable":true,"href":"https:\/\/depileve.com\/es\/wp-json\/wp\/v2\/product_cat?post=3175"},{"taxonomy":"product_tag","embeddable":true,"href":"https:\/\/depileve.com\/es\/wp-json\/wp\/v2\/product_tag?post=3175"}],"curies":[{"name":"wp","href":"https:\/\/api.w.org\/{rel}","templated":true}]}}