{"id":3173,"date":"2023-07-14T11:03:11","date_gmt":"2023-10-04T14:48:24","guid":{"rendered":"https:\/\/depileve.com\/product\/depileve-paraffin-kit\/"},"modified":"2025-04-10T12:01:13","modified_gmt":"2025-04-10T12:01:13","slug":"depileve-paraffin-kit","status":"publish","type":"product","link":"https:\/\/depileve.com\/es\/productos\/depileve-paraffin-kit\/","title":{"rendered":"Depil\u00e8ve Paraffin Kit"},"content":{"rendered":"","protected":false},"excerpt":{"rendered":"<h6>Ofrece a tus clientes un tratamiento hidratante premium y a\u00f1ade valor instant\u00e1neo a tus servicios de manicura y pedicura con este paquete b\u00e1sico completo. Selecciona la parafina que prefieras para crear tu propio kit personalizado. <\/h6>\n<h6 class=\"ewa-rteLine\">Composici\u00f3n:<br \/>\n\u2022 Calentador de parafina profesional<br \/>\n\u2022 Par de manoplas de rizo<br \/>\n\u2022 Par de patucos de rizo<br \/>\n\u2022 100 bolsas protectoras<br \/>\n\u2022 Dermo Spray 220 ml<br \/>\n\u2022 Col\u00e1geno Elastina plus 500 ml<br \/>\n\u2022 Easy Clean 220 ml<\/h6>\n","protected":false},"featured_media":4590,"template":"","meta":{"_acf_changed":false},"product_brand":[],"product_cat":[209,47],"product_tag":[],"class_list":{"0":"post-3173","1":"product","2":"type-product","3":"status-publish","4":"has-post-thumbnail","6":"product_cat-kits-de-parafina","7":"product_cat-parafina-linea","9":"first","10":"instock","11":"taxable","12":"shipping-taxable","13":"product-type-simple"},"acf":[],"_links":{"self":[{"href":"https:\/\/depileve.com\/es\/wp-json\/wp\/v2\/product\/3173","targetHints":{"allow":["GET"]}}],"collection":[{"href":"https:\/\/depileve.com\/es\/wp-json\/wp\/v2\/product"}],"about":[{"href":"https:\/\/depileve.com\/es\/wp-json\/wp\/v2\/types\/product"}],"wp:featuredmedia":[{"embeddable":true,"href":"https:\/\/depileve.com\/es\/wp-json\/wp\/v2\/media\/4590"}],"wp:attachment":[{"href":"https:\/\/depileve.com\/es\/wp-json\/wp\/v2\/media?parent=3173"}],"wp:term":[{"taxonomy":"product_brand","embeddable":true,"href":"https:\/\/depileve.com\/es\/wp-json\/wp\/v2\/product_brand?post=3173"},{"taxonomy":"product_cat","embeddable":true,"href":"https:\/\/depileve.com\/es\/wp-json\/wp\/v2\/product_cat?post=3173"},{"taxonomy":"product_tag","embeddable":true,"href":"https:\/\/depileve.com\/es\/wp-json\/wp\/v2\/product_tag?post=3173"}],"curies":[{"name":"wp","href":"https:\/\/api.w.org\/{rel}","templated":true}]}}