{"id":3164,"date":"2023-07-14T11:43:14","date_gmt":"2023-10-04T14:42:40","guid":{"rendered":"https:\/\/depileve.com\/product\/depileve-plastic-cape\/"},"modified":"2025-04-14T10:25:30","modified_gmt":"2025-04-14T10:25:30","slug":"depileve-plastic-cape","status":"publish","type":"product","link":"https:\/\/depileve.com\/es\/productos\/depileve-plastic-cape\/","title":{"rendered":"Depil\u00e8ve Plastic Cape"},"content":{"rendered":"","protected":false},"excerpt":{"rendered":"<h6>Capa de pl\u00e1stico negra con logotipo DEPILEVE: ideal para depilaci\u00f3n facial en silla.<\/h6>\n","protected":false},"featured_media":1723,"template":"","meta":{"_acf_changed":false},"product_brand":[],"product_cat":[191],"product_tag":[],"class_list":{"0":"post-3164","1":"product","2":"type-product","3":"status-publish","4":"has-post-thumbnail","6":"product_cat-merchandising-es-es","8":"first","9":"instock","10":"taxable","11":"shipping-taxable","12":"product-type-simple"},"acf":[],"_links":{"self":[{"href":"https:\/\/depileve.com\/es\/wp-json\/wp\/v2\/product\/3164","targetHints":{"allow":["GET"]}}],"collection":[{"href":"https:\/\/depileve.com\/es\/wp-json\/wp\/v2\/product"}],"about":[{"href":"https:\/\/depileve.com\/es\/wp-json\/wp\/v2\/types\/product"}],"wp:featuredmedia":[{"embeddable":true,"href":"https:\/\/depileve.com\/es\/wp-json\/wp\/v2\/media\/1723"}],"wp:attachment":[{"href":"https:\/\/depileve.com\/es\/wp-json\/wp\/v2\/media?parent=3164"}],"wp:term":[{"taxonomy":"product_brand","embeddable":true,"href":"https:\/\/depileve.com\/es\/wp-json\/wp\/v2\/product_brand?post=3164"},{"taxonomy":"product_cat","embeddable":true,"href":"https:\/\/depileve.com\/es\/wp-json\/wp\/v2\/product_cat?post=3164"},{"taxonomy":"product_tag","embeddable":true,"href":"https:\/\/depileve.com\/es\/wp-json\/wp\/v2\/product_tag?post=3164"}],"curies":[{"name":"wp","href":"https:\/\/api.w.org\/{rel}","templated":true}]}}