{"id":3163,"date":"2023-07-14T11:47:49","date_gmt":"2023-10-04T14:41:46","guid":{"rendered":"https:\/\/depileve.com\/product\/depileve-beauty-organize\/"},"modified":"2023-10-23T11:21:04","modified_gmt":"2023-10-23T11:21:04","slug":"depileve-beauty-organize","status":"publish","type":"product","link":"https:\/\/depileve.com\/es\/productos\/depileve-beauty-organize\/","title":{"rendered":"Depil\u00e8ve Beauty Organize"},"content":{"rendered":"","protected":false},"excerpt":{"rendered":"<h6>Organizador de belleza DEPILEVE: soporte acr\u00edlico resistente que tiene diferentes compartimentos para guardar todos los tama\u00f1os de esp\u00e1tulas y pinzas DEPILEVE para un f\u00e1cil acceso. Luce ordenado en el carrito y profesional con el logo de DEPILEVE.<\/h6>\n","protected":false},"featured_media":1727,"template":"","meta":{"_acf_changed":false},"product_brand":[],"product_cat":[191,195],"product_tag":[],"class_list":{"0":"post-3163","1":"product","2":"type-product","3":"status-publish","4":"has-post-thumbnail","6":"product_cat-merchandising-es-es","7":"product_cat-merchandising-accesorios","9":"first","10":"instock","11":"taxable","12":"shipping-taxable","13":"product-type-simple"},"acf":[],"_links":{"self":[{"href":"https:\/\/depileve.com\/es\/wp-json\/wp\/v2\/product\/3163","targetHints":{"allow":["GET"]}}],"collection":[{"href":"https:\/\/depileve.com\/es\/wp-json\/wp\/v2\/product"}],"about":[{"href":"https:\/\/depileve.com\/es\/wp-json\/wp\/v2\/types\/product"}],"wp:featuredmedia":[{"embeddable":true,"href":"https:\/\/depileve.com\/es\/wp-json\/wp\/v2\/media\/1727"}],"wp:attachment":[{"href":"https:\/\/depileve.com\/es\/wp-json\/wp\/v2\/media?parent=3163"}],"wp:term":[{"taxonomy":"product_brand","embeddable":true,"href":"https:\/\/depileve.com\/es\/wp-json\/wp\/v2\/product_brand?post=3163"},{"taxonomy":"product_cat","embeddable":true,"href":"https:\/\/depileve.com\/es\/wp-json\/wp\/v2\/product_cat?post=3163"},{"taxonomy":"product_tag","embeddable":true,"href":"https:\/\/depileve.com\/es\/wp-json\/wp\/v2\/product_tag?post=3163"}],"curies":[{"name":"wp","href":"https:\/\/api.w.org\/{rel}","templated":true}]}}