{"id":3162,"date":"2023-07-14T11:51:28","date_gmt":"2023-10-04T14:41:08","guid":{"rendered":"https:\/\/depileve.com\/product\/depileve-black-mirror\/"},"modified":"2023-10-23T11:23:05","modified_gmt":"2023-10-23T11:23:05","slug":"depileve-black-mirror","status":"publish","type":"product","link":"https:\/\/depileve.com\/es\/productos\/depileve-black-mirror\/","title":{"rendered":"Depil\u00e8ve Black Mirror"},"content":{"rendered":"","protected":false},"excerpt":{"rendered":"<h6>DEPILEVE Espejo negro: tama\u00f1o peque\u00f1o y f\u00e1cil de usar para mostrar r\u00e1pidamente los resultados faciales.<\/h6>\n","protected":false},"featured_media":1731,"template":"","meta":{"_acf_changed":false},"product_brand":[],"product_cat":[191,195],"product_tag":[],"class_list":{"0":"post-3162","1":"product","2":"type-product","3":"status-publish","4":"has-post-thumbnail","6":"product_cat-merchandising-es-es","7":"product_cat-merchandising-accesorios","9":"first","10":"instock","11":"taxable","12":"shipping-taxable","13":"product-type-simple"},"acf":[],"_links":{"self":[{"href":"https:\/\/depileve.com\/es\/wp-json\/wp\/v2\/product\/3162","targetHints":{"allow":["GET"]}}],"collection":[{"href":"https:\/\/depileve.com\/es\/wp-json\/wp\/v2\/product"}],"about":[{"href":"https:\/\/depileve.com\/es\/wp-json\/wp\/v2\/types\/product"}],"wp:featuredmedia":[{"embeddable":true,"href":"https:\/\/depileve.com\/es\/wp-json\/wp\/v2\/media\/1731"}],"wp:attachment":[{"href":"https:\/\/depileve.com\/es\/wp-json\/wp\/v2\/media?parent=3162"}],"wp:term":[{"taxonomy":"product_brand","embeddable":true,"href":"https:\/\/depileve.com\/es\/wp-json\/wp\/v2\/product_brand?post=3162"},{"taxonomy":"product_cat","embeddable":true,"href":"https:\/\/depileve.com\/es\/wp-json\/wp\/v2\/product_cat?post=3162"},{"taxonomy":"product_tag","embeddable":true,"href":"https:\/\/depileve.com\/es\/wp-json\/wp\/v2\/product_tag?post=3162"}],"curies":[{"name":"wp","href":"https:\/\/api.w.org\/{rel}","templated":true}]}}