{"id":3155,"date":"2023-07-14T20:33:04","date_gmt":"2023-07-14T20:33:04","guid":{"rendered":"https:\/\/depileve.com\/product\/waxceutical-dna-crystal-film-wax\/"},"modified":"2023-12-14T09:14:18","modified_gmt":"2023-12-14T09:14:18","slug":"waxceutical-dna-crystal-film-wax","status":"publish","type":"product","link":"https:\/\/depileve.com\/es\/productos\/waxceutical-dna-crystal-film-wax\/","title":{"rendered":"Waxceutical Dna Crystal Film Cera"},"content":{"rendered":"[vc_row type=\u00bbin_container\u00bb full_screen_row_position=\u00bbmiddle\u00bb column_margin=\u00bbdefault\u00bb column_direction=\u00bbdefault\u00bb column_direction_tablet=\u00bbdefault\u00bb column_direction_phone=\u00bbdefault\u00bb scene_position=\u00bbcenter\u00bb text_color=\u00bbdark\u00bb text_align=\u00bbleft\u00bb row_border_radius=\u00bbnone\u00bb row_border_radius_applies=\u00bbbg\u00bb overflow=\u00bbvisible\u00bb overlay_strength=\u00bb0.3&#8243; gradient_direction=\u00bbleft_to_right\u00bb shape_divider_position=\u00bbbottom\u00bb bg_image_animation=\u00bbnone\u00bb][vc_column column_padding=\u00bbno-extra-padding\u00bb column_padding_tablet=\u00bbinherit\u00bb column_padding_phone=\u00bbinherit\u00bb column_padding_position=\u00bball\u00bb column_element_direction_desktop=\u00bbdefault\u00bb column_element_spacing=\u00bbdefault\u00bb desktop_text_alignment=\u00bbcenter\u00bb tablet_text_alignment=\u00bbdefault\u00bb phone_text_alignment=\u00bbdefault\u00bb background_color_opacity=\u00bb1&#8243; background_hover_color_opacity=\u00bb1&#8243; column_backdrop_filter=\u00bbnone\u00bb column_shadow=\u00bbnone\u00bb column_border_radius=\u00bbnone\u00bb column_link_target=\u00bb_self\u00bb column_position=\u00bbdefault\u00bb gradient_direction=\u00bbleft_to_right\u00bb overlay_strength=\u00bb0.3&#8243; width=\u00bb1\/1&#8243; tablet_width_inherit=\u00bbdefault\u00bb animation_type=\u00bbdefault\u00bb bg_image_animation=\u00bbnone\u00bb border_type=\u00bbsimple\u00bb column_border_width=\u00bbnone\u00bb column_border_style=\u00bbsolid\u00bb column_padding_type=\u00bbdefault\u00bb gradient_type=\u00bbdefault\u00bb][tabbed_section style=\u00bbmaterial\u00bb tab_change_animation=\u00bbfade\u00bb alignment=\u00bbcenter\u00bb spacing=\u00bbside-15px\u00bb tab_color=\u00bbAccent-Color\u00bb vs_content_animation=\u00bbfade\u00bb vs_link_animation=\u00bbopacity\u00bb vs_navigation_alignment=\u00bbleft\u00bb vs_navigation_width_2=\u00bb25%\u00bb vs_navigation_func=\u00bbdefault\u00bb vs_navigation_width=\u00bbregular\u00bb vs_navigation_spacing=\u00bb15px\u00bb vs_navigation_mobile_display=\u00bbvisible\u00bb vs_tab_spacing=\u00bb5%\u00bb icon_size=\u00bb24&#8243;][tab icon_family=\u00bbnone\u00bb title=\u00bbCera Para\u00bb id=\u00bb1702545029477-7&#8243; tab_id=\u00bb1702545029477-7&#8243;][vc_column_text]\n<h6 style=\"text-align: center;\">Esta cera est\u00e1 espec\u00edficamente formulada para pieles con intolerancia a la colofonia. Es adecuado para todo tipo de cabellos y zonas.<\/h6>\n[\/vc_column_text][\/tab][tab icon_family=\u00bbnone\u00bb title=\u00bbTextura\u00bb id=\u00bb1702545029502-1&#8243; tab_id=\u00bb1702545029503-6&#8243;][vc_column_text]\n<h6 style=\"text-align: center;\">Textura fluida<\/h6>\n[\/vc_column_text][\/tab][tab icon_family=\u00bbnone\u00bb title=\u00bbHecho de\u00bb id=\u00bb1702545029513-8&#8243; tab_id=\u00bb1702545029513-2&#8243;][vc_column_text]\n<h6 style=\"text-align: center;\">Esta cera est\u00e1 formulada con colofonia mineral, filamentos de ADN marino y factores naturales de hidrataci\u00f3n.<\/h6>\n[\/vc_column_text][\/tab][tab icon_family=\u00bbnone\u00bb title=\u00bbC\u00f3mo Aplicar\u00bb id=\u00bb1702545029521-6&#8243; tab_id=\u00bb1702545029523-7&#8243;][vc_column_text]\n<h6>Limpie la piel con la loci\u00f3n dermobalance, utilice una esp\u00e1tula para aplicar una fina capa de cera sobre la piel y espere unos segundos a que se seque y ret\u00edrela con firmeza. aplicar folisan en la zona para evitar los pelos encarnados y terminar con crema calmante o vitalderm ph.<\/h6>\n[\/vc_column_text][\/tab][tab icon_family=\u00bbnone\u00bb title=\u00bbAlmacenamiento\u00bb id=\u00bb1702545029533-7&#8243; tab_id=\u00bb1702545029533-2&#8243;][vc_column_text]\n<h6 style=\"text-align: center;\"><span style=\"color: #000000;\">Conservar en un lugar fresco y seco. Proteger del calor y de la luz solar directa.<\/span><\/h6>\n[\/vc_column_text][\/tab][tab icon_family=\u00bbnone\u00bb title=\u00bbAdvertencia\u00bb id=\u00bb1702545029542-5&#8243; tab_id=\u00bb1702545029542-8&#8243;][vc_column_text]\n<h6 style=\"text-align: center;\">Uso cosm\u00e9tico. uso profesional. S\u00f3lo para uso externo. No lo utilice en zonas da\u00f1adas o sensibilizadas. Mantener fuera del alcance de los ni\u00f1os. Advertencia: est\u00e1 muy caliente y puede provocar quemaduras. Evite respirar los vapores emitidos por la cera caliente.<\/h6>\n[\/vc_column_text][\/tab][tab icon_family=\u00bbnone\u00bb title=\u00bbIngredientes\u00bb id=\u00bb1702545029551-3&#8243; tab_id=\u00bb1702545029551-1&#8243;][vc_column_text]\n<h6 style=\"text-align: center;\">POLICICLOPENTADIENO HIDROGENADO, COPOL\u00cdMERO DE ETILENO\/VA, CERA MICROCRISTALLINA, PARAFINA, \u00c9STERES DE JOJOBA, CERA DE FLOR DE ACACIA DECURRENS, CERA DE SEMILLA DE HELIANTHUS ANNUUS (GIRASOL), POLIGLICERINA-3, ADN S\u00d3DICO, PCA S\u00d3DICO, GLUCOSA, ALANTO\u00cdNA, \u00c1CIDO GLUT\u00c1MICO, \u00c1CIDO L\u00c1CTICO, AQUA (AGUA), GLICERINA, UREA, LISINA, GLICINA, GLUCONATO C\u00c1LCICO, GLUCONOLACTONA, MICA, FENOXIETANOL, BENZOATO S\u00d3DICO, SORBATO POT\u00c1SICO, CI 60725 (VIOLETA 2), CI 77891 (DI\u00d3XIDO DE TITANIO).<\/h6>\n[\/vc_column_text][\/tab][tab icon_family=\u00bbnone\u00bb title=\u00bbInstrucciones de reciclaje\u00bb id=\u00bb1702545043124-4&#8243; tab_id=\u00bb1702545043125-2&#8243;][vc_column_text]\n<table class=\"table-recycle\">\n<tbody>\n<tr>\n<td class=\"title-recycle\" colspan=\"3\">IT<\/td>\n<\/tr>\n<tr>\n<td>CONTENITORE<\/td>\n<td>ALU41<\/td>\n<td>INDIFFERENZIATO<\/td>\n<\/tr>\n<tr>\n<td>TAPPO<\/td>\n<td>PEBD4<\/td>\n<td>PLASTICA<\/td>\n<\/tr>\n<tr>\n<td>ALTRIS<\/td>\n<td>ALU41<\/td>\n<td>INDIFFERENZIATO<\/td>\n<\/tr>\n<tr>\n<td colspan=\"3\">RACOLTA DIFFERENZIATA verifica le disposizioni del tuo Comune<\/td>\n<\/tr>\n<\/tbody>\n<\/table>\n[\/vc_column_text][\/tab][\/tabbed_section][\/vc_column][\/vc_row]\n","protected":false},"excerpt":{"rendered":"<h6>Con esta cera en gel patentada se sentir\u00e1 como por arte de magia: no s\u00f3lo es un sue\u00f1o aplicarla, sino que cambia de color cuando est\u00e1 lista para retirarla. Impregnada de filamentos de ADN marino y factores hidratantes naturales, su f\u00f3rmula sin colofonia la convierte en la cera de pel\u00edcula de referencia para todos los clientes que buscan un rejuvenecimiento de la piel junto con una depilaci\u00f3n suave. \u00a1Alakazam!<\/h6>\n<hr>\n<h6>Lata : 800 ml, 400 ml<\/h6>\n<hr>\n<p>&nbsp;<\/p>\n<p>&nbsp;<\/p>\n","protected":false},"featured_media":1926,"template":"","meta":{"_acf_changed":false},"product_brand":[],"product_cat":[217,55],"product_tag":[],"class_list":{"0":"post-3155","1":"product","2":"type-product","3":"status-publish","4":"has-post-thumbnail","6":"product_cat-dna-es","7":"product_cat-waxceutical-es","9":"first","10":"instock","11":"taxable","12":"shipping-taxable","13":"product-type-variable"},"acf":[],"_links":{"self":[{"href":"https:\/\/depileve.com\/es\/wp-json\/wp\/v2\/product\/3155","targetHints":{"allow":["GET"]}}],"collection":[{"href":"https:\/\/depileve.com\/es\/wp-json\/wp\/v2\/product"}],"about":[{"href":"https:\/\/depileve.com\/es\/wp-json\/wp\/v2\/types\/product"}],"wp:featuredmedia":[{"embeddable":true,"href":"https:\/\/depileve.com\/es\/wp-json\/wp\/v2\/media\/1926"}],"wp:attachment":[{"href":"https:\/\/depileve.com\/es\/wp-json\/wp\/v2\/media?parent=3155"}],"wp:term":[{"taxonomy":"product_brand","embeddable":true,"href":"https:\/\/depileve.com\/es\/wp-json\/wp\/v2\/product_brand?post=3155"},{"taxonomy":"product_cat","embeddable":true,"href":"https:\/\/depileve.com\/es\/wp-json\/wp\/v2\/product_cat?post=3155"},{"taxonomy":"product_tag","embeddable":true,"href":"https:\/\/depileve.com\/es\/wp-json\/wp\/v2\/product_tag?post=3155"}],"curies":[{"name":"wp","href":"https:\/\/api.w.org\/{rel}","templated":true}]}}